{"id":53645,"date":"2024-11-26T18:52:39","date_gmt":"2024-11-26T17:52:39","guid":{"rendered":"https:\/\/commons.ngi.eu\/?page_id=53645"},"modified":"2026-02-25T15:26:20","modified_gmt":"2026-02-25T14:26:20","slug":"deliverables","status":"publish","type":"page","link":"https:\/\/commons.ngi.eu\/deliverables\/","title":{"rendered":"<p>\u00c9l\u00e9ments livrables<\/p>"},"content":{"rendered":"<style>.kb-row-layout-id53645_270f78-86 > .kt-row-column-wrap{align-content:start;}:where(.kb-row-layout-id53645_270f78-86 > .kt-row-column-wrap) > .wp-block-kadence-column{justify-content:start;}.kb-row-layout-id53645_270f78-86 > .kt-row-column-wrap{column-gap:var(--global-kb-gap-md, 2rem);row-gap:var(--global-kb-gap-md, 2rem);max-width:var( --global-content-width, 1290px );padding-left:var(--global-content-edge-padding);padding-right:var(--global-content-edge-padding);padding-top:150px;padding-bottom:90px;grid-template-columns:minmax(0, 1fr);}.kb-row-layout-id53645_270f78-86{background-image:url('https:\/\/commons.ngi.eu\/wp-content\/uploads\/2023\/12\/background_03.jpg');background-size:cover;background-position:center center;background-attachment:fixed;background-repeat:no-repeat;}.kb-row-layout-id53645_270f78-86 > .kt-row-layout-overlay{opacity:0.75;background-color:var(--global-palette3, #1A202C);mix-blend-mode:multiply;}@media all and (max-width: 1024px), only screen and (min-device-width: 1024px) and (max-device-width: 1366px) and (-webkit-min-device-pixel-ratio: 2) and (hover: none){.kb-row-layout-id53645_270f78-86{background-attachment:scroll;}}@media all and (max-width: 1024px){.kb-row-layout-id53645_270f78-86 > .kt-row-column-wrap{grid-template-columns:minmax(0, 1fr);}}@media all and (max-width: 767px){.kb-row-layout-id53645_270f78-86 > .kt-row-column-wrap{grid-template-columns:minmax(0, 1fr);}}<div class=\"kb-row-layout-wrap kb-row-layout-id53645_270f78-86 alignnone has-theme-palette3-background-color kt-row-has-bg kt-jarallax wp-block-kadence-rowlayout\" data-img-position=\"center center\" data-img-size=\"cover\"><div class=\"kt-row-layout-overlay kt-row-overlay-normal\"><\/div><div class=\"kt-row-column-wrap kt-has-1-columns kt-row-layout-equal kt-tab-layout-inherit kt-mobile-layout-row kt-row-valign-top kb-theme-content-width\">\n<style>.kadence-column53645_f46b53-f9 > .kt-inside-inner-col,.kadence-column53645_f46b53-f9 > .kt-inside-inner-col:before{border-top-left-radius:0px;border-top-right-radius:0px;border-bottom-right-radius:0px;border-bottom-left-radius:0px;}.kadence-column53645_f46b53-f9 > .kt-inside-inner-col{column-gap:var(--global-kb-gap-sm, 1rem);}.kadence-column53645_f46b53-f9 > .kt-inside-inner-col{flex-direction:column;}.kadence-column53645_f46b53-f9 > .kt-inside-inner-col > .aligncenter{width:100%;}.kadence-column53645_f46b53-f9 > .kt-inside-inner-col:before{opacity:0.3;}.kadence-column53645_f46b53-f9{position:relative;}@media all and (max-width: 1024px){.kadence-column53645_f46b53-f9 > .kt-inside-inner-col{flex-direction:column;justify-content:center;}}@media all and (max-width: 767px){.kadence-column53645_f46b53-f9 > .kt-inside-inner-col{flex-direction:column;justify-content:center;}}<\/style>\n<div class=\"wp-block-kadence-column kadence-column53645_f46b53-f9 inner-column-1\"><div class=\"kt-inside-inner-col\"><style>.wp-block-kadence-advancedheading.kt-adv-heading53645_32c0ab-d1, .wp-block-kadence-advancedheading.kt-adv-heading53645_32c0ab-d1[data-kb-block=\"kb-adv-heading53645_32c0ab-d1\"]{text-align:center;font-size:80px;font-style:normal;}.wp-block-kadence-advancedheading.kt-adv-heading53645_32c0ab-d1 mark.kt-highlight, .wp-block-kadence-advancedheading.kt-adv-heading53645_32c0ab-d1[data-kb-block=\"kb-adv-heading53645_32c0ab-d1\"] mark.kt-highlight{font-style:normal;color:#f76a0c;-webkit-box-decoration-break:clone;box-decoration-break:clone;padding-top:0px;padding-right:0px;padding-bottom:0px;padding-left:0px;}.wp-block-kadence-advancedheading.kt-adv-heading53645_32c0ab-d1 img.kb-inline-image, .wp-block-kadence-advancedheading.kt-adv-heading53645_32c0ab-d1[data-kb-block=\"kb-adv-heading53645_32c0ab-d1\"] img.kb-inline-image{width:150px;vertical-align:baseline;}@media all and (max-width: 1024px){.wp-block-kadence-advancedheading.kt-adv-heading53645_32c0ab-d1, .wp-block-kadence-advancedheading.kt-adv-heading53645_32c0ab-d1[data-kb-block=\"kb-adv-heading53645_32c0ab-d1\"]{font-size:60px;}}@media all and (max-width: 767px){.wp-block-kadence-advancedheading.kt-adv-heading53645_32c0ab-d1, .wp-block-kadence-advancedheading.kt-adv-heading53645_32c0ab-d1[data-kb-block=\"kb-adv-heading53645_32c0ab-d1\"]{font-size:26px;}}<\/style>\n<h1 class=\"kt-adv-heading53645_32c0ab-d1 wp-block-kadence-advancedheading has-theme-palette-9-color has-text-color\" data-kb-block=\"kb-adv-heading53645_32c0ab-d1\"><strong>\u00c9l\u00e9ments livrables publics<\/strong><\/h1>\n\n\n<style>.wp-block-kadence-advancedheading.kt-adv-heading53645_94b925-e0, .wp-block-kadence-advancedheading.kt-adv-heading53645_94b925-e0[data-kb-block=\"kb-adv-heading53645_94b925-e0\"]{text-align:center;font-style:normal;}.wp-block-kadence-advancedheading.kt-adv-heading53645_94b925-e0 mark.kt-highlight, .wp-block-kadence-advancedheading.kt-adv-heading53645_94b925-e0[data-kb-block=\"kb-adv-heading53645_94b925-e0\"] mark.kt-highlight{font-style:normal;color:#f76a0c;-webkit-box-decoration-break:clone;box-decoration-break:clone;padding-top:0px;padding-right:0px;padding-bottom:0px;padding-left:0px;}.wp-block-kadence-advancedheading.kt-adv-heading53645_94b925-e0 img.kb-inline-image, .wp-block-kadence-advancedheading.kt-adv-heading53645_94b925-e0[data-kb-block=\"kb-adv-heading53645_94b925-e0\"] img.kb-inline-image{width:150px;vertical-align:baseline;}<\/style>\n<p class=\"kt-adv-heading53645_94b925-e0 wp-block-kadence-advancedheading has-theme-palette-9-color has-text-color\" data-kb-block=\"kb-adv-heading53645_94b925-e0\"><strong>\u00c9l\u00e9ments livrables publics, mises \u00e0 jour du projet.<\/strong><\/p>\n<\/div><\/div>\n\n<\/div><\/div><style>.kb-row-layout-id53645_952f55-67 > .kt-row-column-wrap{align-content:center;}:where(.kb-row-layout-id53645_952f55-67 > .kt-row-column-wrap) > .wp-block-kadence-column{justify-content:center;}.kb-row-layout-id53645_952f55-67 > .kt-row-column-wrap{column-gap:80px;row-gap:var(--global-kb-gap-md, 2rem);max-width:var( --global-content-width, 1290px );padding-left:var(--global-content-edge-padding);padding-right:var(--global-content-edge-padding);padding-top:80px;padding-bottom:30px;grid-template-columns:minmax(0, 1fr);}.kb-row-layout-id53645_952f55-67 > .kt-row-layout-overlay{opacity:0.30;}@media all and (max-width: 1024px){.kb-row-layout-id53645_952f55-67 > .kt-row-column-wrap{grid-template-columns:minmax(0, 1fr);}}@media all and (max-width: 767px){.kb-row-layout-id53645_952f55-67 > .kt-row-column-wrap{grid-template-columns:minmax(0, 1fr);}}<\/style><div class=\"kb-row-layout-wrap kb-row-layout-id53645_952f55-67 alignnone wp-block-kadence-rowlayout\"><div class=\"kt-row-column-wrap kt-has-1-columns kt-row-layout-equal kt-tab-layout-inherit kt-mobile-layout-row kt-row-valign-middle kb-theme-content-width\">\n<style>.kadence-column53645_18fb54-a9 > .kt-inside-inner-col,.kadence-column53645_18fb54-a9 > .kt-inside-inner-col:before{border-top-left-radius:0px;border-top-right-radius:0px;border-bottom-right-radius:0px;border-bottom-left-radius:0px;}.kadence-column53645_18fb54-a9 > .kt-inside-inner-col{column-gap:var(--global-kb-gap-sm, 1rem);}.kadence-column53645_18fb54-a9 > .kt-inside-inner-col{flex-direction:column;}.kadence-column53645_18fb54-a9 > .kt-inside-inner-col > .aligncenter{width:100%;}.kadence-column53645_18fb54-a9 > .kt-inside-inner-col:before{opacity:0.3;}.kadence-column53645_18fb54-a9{position:relative;}@media all and (max-width: 1024px){.kadence-column53645_18fb54-a9 > .kt-inside-inner-col{flex-direction:column;justify-content:center;}}@media all and (max-width: 767px){.kadence-column53645_18fb54-a9 > .kt-inside-inner-col{flex-direction:column;justify-content:center;}}<\/style>\n<div class=\"wp-block-kadence-column kadence-column53645_18fb54-a9 inner-column-1\"><div class=\"kt-inside-inner-col\">\n<p>Cette page vous donne la possibilit\u00e9 de t\u00e9l\u00e9charger tous les \u00e9l\u00e9ments livrables publics des projets une fois qu\u2019ils ont \u00e9t\u00e9 soumis.<\/p>\n\n\n\n<p class=\"has-small-font-size\"><em>Remarque: Tous les \u00e9l\u00e9ments livrables publi\u00e9s sur cette page n\u2019ont \u00e9t\u00e9 soumis qu\u2019en attendant l\u2019approbation finale de la Commission europ\u00e9enne.<\/em>.<\/p>\n\n\n\n<figure class=\"wp-block-table aligncenter is-style-regular has-small-font-size\"><table class=\"has-border-color has-theme-palette-3-border-color\" style=\"border-width:1px\"><thead><tr><th class=\"has-text-align-center\" data-align=\"center\">D#<\/th><th>Intitul\u00e9 de l\u2019\u00e9l\u00e9ment livrable<\/th><th>Mois de soumission<\/th><\/tr><\/thead><tbody><tr><td class=\"has-text-align-center\" data-align=\"center\"><strong>D1.1<\/strong><\/td><td><strong><a href=\"https:\/\/commons.ngi.eu\/fr\/download\/d1-1-active-communities-of-commoners-and-relevant-commons\/?wpdmdl=53973&amp;masterkey=Rq4yRoiIyK8Gb1HuAyB7mHzVvTE7UBSfp8PJoHdSucfTLJ7RrY1Ew_MAIEiiUex3BQK2Pos_gXr_RhIJWk71EBXP9p7TMn9R5qBsFUsdST8\" target=\"_blank\" rel=\"noreferrer noopener\">Communaut\u00e9s actives de biens communs et biens communs pertinents<\/a><\/strong> (PDF)<br><strong><a href=\"https:\/\/commons.ngi.eu\/fr\/download\/d1-1-annex-iv\/?wpdmdl=53976&amp;masterkey=tJBHIqtB36vNrzy3LHhxDPz4tmHhgOtOkhgy4G2EcNLGJRU8B1gOXgRdm2Pz9vrDbJXsV7PiKHKUwnOghqEshYsqkfV8609lslszfnHfY8I\" target=\"_blank\" rel=\"noreferrer noopener\">Annexe IV: Entretiens<\/a><\/strong> (PDF)<\/td><td><strong>M12<\/strong><br>D\u00e9cembre 2024<\/td><\/tr><tr><td class=\"has-text-align-center\" data-align=\"center\"><strong>D1.2<\/strong><\/td><td><strong><a href=\"https:\/\/commons.ngi.eu\/fr\/download\/d1-2-brief-on-digital-commons-priorities\/?wpdmdl=54164&amp;masterkey=jtFQHv3MdqmPww_okj1s1qhbiAL6po1mWMJnrX2Tf6wjaV6gYn0ql6hQadpkUvRoiSZDPAE0-lxyAw74eGrBqHzdzFBlphn6oZ7rGjuKSc8\" target=\"_blank\" rel=\"noreferrer noopener\">Note d\u2019information sur les priorit\u00e9s des communes de l\u2019internet: Les \u00e9l\u00e9ments constitutifs<\/a><\/strong> (PDF)<\/td><td><strong>M18<\/strong><br>Juin 2025<\/td><\/tr><tr><td class=\"has-text-align-center\" data-align=\"center\"><strong>D1.3<\/strong><\/td><td><strong><a href=\"https:\/\/commons.ngi.eu\/fr\/download\/d1-3-the-impact-of-ngi-funding-on-dc-ic-intermediate-report\/?wpdmdl=54734&amp;masterkey=sPTWPy0EQonMnMMXIWLfD_7dCY6CpoW9yNCoZ95gDom4z6jov4jb8_XQpEruGoEJpduRFS-ZPNJXrs3yz6u7FxbcH5NIgG2LQFFAXe5L54M\" target=\"_blank\" rel=\"noreferrer noopener\">L\u2019impact du financement de NGI sur les DC\/CI \u2014 rapport interm\u00e9diaire<\/a><\/strong> (PDF)<\/td><td><strong>M24<\/strong><br>D\u00e9cembre 2025<\/td><\/tr><tr><td class=\"has-text-align-center\" data-align=\"center\">D1.4<\/td><td>L\u2019impact du financement de NGI sur les DC\/CI \u2014 rapport final<\/td><td><strong>M36<br><\/strong>D\u00e9cembre 2026<\/td><\/tr><tr><td class=\"has-text-align-center\" data-align=\"center\"><strong>D2.1<\/strong><\/td><td><strong><a href=\"https:\/\/commons.ngi.eu\/fr\/download\/d2-1-expert-report-on-ngi-evaluation-first-version\/?wpdmdl=53669&amp;masterkey=uCtMWSKH5tcpX-Cit0vyQZl2UV3v8aZ6Ha_alhPYpecmP0-V6tDIpbcI7RqnN5BtNHz0Vd5-czmkxJKFM0rRNh9rzSoD4cOP-mRYaP6oqno\" target=\"_blank\" rel=\"noreferrer noopener\">Rapport d\u2019expert sur l\u2019\u00e9valuation de NGI \u2014 premi\u00e8re version<\/a><\/strong> (PDF)<\/td><td><strong>M06<br><\/strong>Juin 2024<\/td><\/tr><tr><td class=\"has-text-align-center\" data-align=\"center\"><strong>D2.2<\/strong><\/td><td><strong><a href=\"https:\/\/commons.ngi.eu\/fr\/download\/d2-2-expert-report-on-ngi-evaluation\/?wpdmdl=54165&amp;masterkey=L6DlMCzsQa_A6fXCLjuB0F998Sib5TznGG3WrrMilYTs8wKXFt6CV6dcuLz46NtAZsDReJPlTLb7YBulNCCPZxiIZL9UJ8N7NjbUbpGEFCU\" target=\"_blank\" rel=\"noreferrer noopener\">Rapport d\u2019expert sur l\u2019\u00e9valuation de NGI \u2014 premi\u00e8re p\u00e9riode<\/a><\/strong> (PDF)<\/td><td><strong>M18<br><\/strong>Juin 2025<\/td><\/tr><tr><td class=\"has-text-align-center\" data-align=\"center\">D2.3<\/td><td>Manuel \u00e0 l\u2019intention des communs<\/td><td><strong>M24<\/strong><br>D\u00e9cembre 2025<\/td><\/tr><tr><td class=\"has-text-align-center\" data-align=\"center\">D2.4<\/td><td>Rapport d\u2019expert sur l\u2019\u00e9valuation de NGI \u2014 version finale<\/td><td><strong>M36<br><\/strong>D\u00e9cembre 2026<\/td><\/tr><tr><td class=\"has-text-align-center\" data-align=\"center\"><strong>D3.1<\/strong><\/td><td><strong><a href=\"https:\/\/commons.ngi.eu\/fr\/download\/d3-1-policy-mapping-report\/?wpdmdl=53977&amp;masterkey=h8vjSOSQAM0d28h9c3MmgmHP_dvaXJ-0FiQzI-v92n8kJtkvoCx_n9qEAUlrx8hZCEaX6Nw2zetOpIrljs1IOFDLpc-CLc7jr7NqM_0kvgA\" target=\"_blank\" rel=\"noreferrer noopener\">Rapport de cartographie des politiques<\/a><\/strong> (PDF)<\/td><td><strong>M12<\/strong><br>D\u00e9cembre 2024<\/td><\/tr><tr><td class=\"has-text-align-center\" data-align=\"center\"><strong>D3.2<\/strong><\/td><td><strong><a href=\"https:\/\/commons.ngi.eu\/fr\/download\/d3-2-strategic-agenda\/?wpdmdl=54167&amp;masterkey=RA644xv9FwvbyHO4xP2ei-eMKZBONTNEGQvHQraalTZDdepbsvPKM6gzi2jVj8RCOT0pOmcinQNxbuXj-YtK3-FUb-RchrB_s4PY1_4PG7s\" target=\"_blank\" rel=\"noreferrer noopener\">Programme strat\u00e9gique \u2014 version destin\u00e9e \u00e0 la validation par les parties prenantes<\/a><\/strong> (PDF)<\/td><td><strong>M18<\/strong><br>Juin 2025<\/td><\/tr><tr><td class=\"has-text-align-center\" data-align=\"center\"><strong>D3.3<\/strong><\/td><td><strong><a href=\"https:\/\/commons.ngi.eu\/fr\/download\/d3-3-governance-models-for-future-digital-commons\/?wpdmdl=54731&amp;masterkey=OZTQ_RSL52oHD3w71TlAuGOxQb_brKQp6B9996hduKPs_9ZTnbEOd_NbrotLBxlnVL3M9N4zShEMygAifHFTA4tMqbWRW6itTRQLbpQrtEg\" target=\"_blank\" rel=\"noreferrer noopener\">Cadres de gouvernance pour les biens communs num\u00e9riques<\/a><\/strong> (PDF)<\/td><td><strong>M24<\/strong><br>D\u00e9cembre 2025<\/td><\/tr><tr><td class=\"has-text-align-center\" data-align=\"center\">D3.4<\/td><td>Rapport sur les \u00e9l\u00e9ments constitutifs de la politique<\/td><td><strong>M24<\/strong><br>D\u00e9cembre 2025<\/td><\/tr><tr><td class=\"has-text-align-center\" data-align=\"center\">D3.5<\/td><td>Perspectives strat\u00e9giques<\/td><td><strong>M36<\/strong><br>D\u00e9cembre 2026<\/td><\/tr><tr><td class=\"has-text-align-center\" data-align=\"center\"><strong>D4.1<\/strong><\/td><td><strong><a href=\"https:\/\/commons.ngi.eu\/fr\/download\/d4-1-community-building-communication-strategy-and-plan\/?wpdmdl=53670&amp;masterkey=YBiu-YuAuVw0CDnAFgMfY7QSGj_Ok5RHTZhTKOVTYnLrae49OuMt7jvNbHMBj2V5tsWirkjO_ghuqHN6IuBcGgNDZvXVac-qjR0UEMC2ozk\" target=\"_blank\" rel=\"noreferrer noopener\">Strat\u00e9gie et plan communautaires en mati\u00e8re de cr\u00e9ation et de communication (Community Building &amp; Communication Strategy and Plan)<\/a><\/strong> (PDF)<\/td><td><strong>M03<\/strong><br>Mars 2024<\/td><\/tr><tr><td class=\"has-text-align-center\" data-align=\"center\"><strong>D4.2<\/strong><\/td><td><strong><a href=\"https:\/\/commons.ngi.eu\/fr\/download\/d4-2-community-building-and-dissemination-report-i\/?wpdmdl=54168&amp;masterkey\" target=\"_blank\" rel=\"noreferrer noopener\">Rapport sur la strat\u00e9gie communautaire en mati\u00e8re de construction &amp; de communication v1<\/a><\/strong> (PDF)<\/td><td><strong>M18<br><\/strong>Juin 2025<\/td><\/tr><tr><td class=\"has-text-align-center\" data-align=\"center\">D4.3<\/td><td>Rapport final sur le renforcement des communaut\u00e9s &amp; la communication<\/td><td><strong>M36<\/strong><br>D\u00e9cembre 2026<\/td><\/tr><tr><td class=\"has-text-align-center\" data-align=\"center\">D4.4<\/td><td>Rapport sur la durabilit\u00e9: Communes num\u00e9riques pour 2035<\/td><td><strong>M36<\/strong><br>D\u00e9cembre 2026<\/td><\/tr><\/tbody><\/table><\/figure>\n<\/div><\/div>\n\n<\/div><\/div><\/style>","protected":false},"excerpt":{"rendered":"<p>\u00c9l\u00e9ments livrables publics, mises \u00e0 jour du projet. Cette page vous donne la possibilit\u00e9 de t\u00e9l\u00e9charger tous les \u00e9l\u00e9ments livrables publics des projets une fois qu\u2019ils ont \u00e9t\u00e9 soumis. Note: Tous les \u00e9l\u00e9ments livrables publi\u00e9s sur cette page...<\/p>","protected":false},"author":2,"featured_media":739,"parent":0,"menu_order":0,"comment_status":"closed","ping_status":"closed","template":"","meta":{"_acf_changed":false,"_tec_requires_first_save":true,"_kad_blocks_custom_css":"","_kad_blocks_head_custom_js":"","_kad_blocks_body_custom_js":"","_kad_blocks_footer_custom_js":"","_EventAllDay":false,"_EventTimezone":"","_EventStartDate":"","_EventEndDate":"","_EventStartDateUTC":"","_EventEndDateUTC":"","_EventShowMap":false,"_EventShowMapLink":false,"_EventURL":"","_EventCost":"","_EventCostDescription":"","_EventCurrencySymbol":"","_EventCurrencyCode":"","_EventCurrencyPosition":"","_EventDateTimeSeparator":"","_EventTimeRangeSeparator":"","_EventOrganizerID":[],"_EventVenueID":[],"_OrganizerEmail":"","_OrganizerPhone":"","_OrganizerWebsite":"","_VenueAddress":"","_VenueCity":"","_VenueCountry":"","_VenueProvince":"","_VenueState":"","_VenueZip":"","_VenuePhone":"","_VenueURL":"","_VenueStateProvince":"","_VenueLat":"","_VenueLng":"","_VenueShowMap":false,"_VenueShowMapLink":false,"_tribe_blocks_recurrence_rules":"","_tribe_blocks_recurrence_description":"","_tribe_blocks_recurrence_exclusions":"","_kad_post_transparent":"","_kad_post_title":"hide","_kad_post_layout":"fullwidth","_kad_post_sidebar_id":"","_kad_post_content_style":"unboxed","_kad_post_vertical_padding":"hide","_kad_post_feature":"hide","_kad_post_feature_position":"","_kad_post_header":false,"_kad_post_footer":false,"_kad_post_classname":"","footnotes":""},"class_list":["post-53645","page","type-page","status-publish","has-post-thumbnail","hentry"],"acf":[],"yoast_head":"<!-- This site is optimized with the Yoast SEO plugin v27.1.1 - https:\/\/yoast.com\/product\/yoast-seo-wordpress\/ -->\n<title>Deliverables - NGI Commons<\/title>\n<meta name=\"description\" content=\"The NGI Commons press area: press releases and press clippings.\" \/>\n<meta name=\"robots\" content=\"index, follow, max-snippet:-1, max-image-preview:large, max-video-preview:-1\" \/>\n<link rel=\"canonical\" href=\"https:\/\/commons.ngi.eu\/fr\/deliverables\/\" \/>\n<meta property=\"og:locale\" content=\"fr_FR\" \/>\n<meta property=\"og:type\" content=\"article\" \/>\n<meta property=\"og:title\" content=\"Deliverables - NGI Commons\" \/>\n<meta property=\"og:description\" content=\"The NGI Commons press area: press releases and press clippings.\" \/>\n<meta property=\"og:url\" content=\"https:\/\/commons.ngi.eu\/fr\/deliverables\/\" \/>\n<meta property=\"og:site_name\" content=\"NGI Commons\" \/>\n<meta property=\"article:modified_time\" content=\"2026-02-25T14:26:20+00:00\" \/>\n<meta property=\"og:image\" content=\"https:\/\/commons.ngi.eu\/wp-content\/uploads\/2024\/02\/NGICommons.jpg\" \/>\n\t<meta property=\"og:image:width\" content=\"1920\" \/>\n\t<meta property=\"og:image:height\" content=\"1280\" \/>\n\t<meta property=\"og:image:type\" content=\"image\/jpeg\" \/>\n<meta name=\"twitter:card\" content=\"summary_large_image\" \/>\n<meta name=\"twitter:site\" content=\"@NGICommons\" \/>\n<meta name=\"twitter:label1\" content=\"Dur\u00e9e de lecture estim\u00e9e\" \/>\n\t<meta name=\"twitter:data1\" content=\"2 minutes\" \/>\n<script type=\"application\/ld+json\" class=\"yoast-schema-graph\">{\"@context\":\"https:\/\/schema.org\",\"@graph\":[{\"@type\":\"WebPage\",\"@id\":\"https:\/\/commons.ngi.eu\/deliverables\/\",\"url\":\"https:\/\/commons.ngi.eu\/deliverables\/\",\"name\":\"Deliverables - NGI Commons\",\"isPartOf\":{\"@id\":\"https:\/\/commons.ngi.eu\/fr\/#website\"},\"primaryImageOfPage\":{\"@id\":\"https:\/\/commons.ngi.eu\/deliverables\/#primaryimage\"},\"image\":{\"@id\":\"https:\/\/commons.ngi.eu\/deliverables\/#primaryimage\"},\"thumbnailUrl\":\"https:\/\/commons.ngi.eu\/wp-content\/uploads\/2024\/02\/NGICommons.jpg\",\"datePublished\":\"2024-11-26T17:52:39+00:00\",\"dateModified\":\"2026-02-25T14:26:20+00:00\",\"description\":\"The NGI Commons press area: press releases and press clippings.\",\"breadcrumb\":{\"@id\":\"https:\/\/commons.ngi.eu\/deliverables\/#breadcrumb\"},\"inLanguage\":\"fr-FR\",\"potentialAction\":[{\"@type\":\"ReadAction\",\"target\":[\"https:\/\/commons.ngi.eu\/deliverables\/\"]}]},{\"@type\":\"ImageObject\",\"inLanguage\":\"fr-FR\",\"@id\":\"https:\/\/commons.ngi.eu\/deliverables\/#primaryimage\",\"url\":\"https:\/\/commons.ngi.eu\/wp-content\/uploads\/2024\/02\/NGICommons.jpg\",\"contentUrl\":\"https:\/\/commons.ngi.eu\/wp-content\/uploads\/2024\/02\/NGICommons.jpg\",\"width\":1920,\"height\":1280,\"caption\":\"NGI Commons\"},{\"@type\":\"BreadcrumbList\",\"@id\":\"https:\/\/commons.ngi.eu\/deliverables\/#breadcrumb\",\"itemListElement\":[{\"@type\":\"ListItem\",\"position\":1,\"name\":\"Home\",\"item\":\"https:\/\/commons.ngi.eu\/\"},{\"@type\":\"ListItem\",\"position\":2,\"name\":\"Deliverables\"}]},{\"@type\":\"WebSite\",\"@id\":\"https:\/\/commons.ngi.eu\/fr\/#website\",\"url\":\"https:\/\/commons.ngi.eu\/fr\/\",\"name\":\"NGI Commons\",\"description\":\"Open Source and Internet Commons for Europe\u2019s Digital Sovereignty\",\"publisher\":{\"@id\":\"https:\/\/commons.ngi.eu\/fr\/#organization\"},\"potentialAction\":[{\"@type\":\"SearchAction\",\"target\":{\"@type\":\"EntryPoint\",\"urlTemplate\":\"https:\/\/commons.ngi.eu\/fr\/?s={search_term_string}\"},\"query-input\":{\"@type\":\"PropertyValueSpecification\",\"valueRequired\":true,\"valueName\":\"search_term_string\"}}],\"inLanguage\":\"fr-FR\"},{\"@type\":\"Organization\",\"@id\":\"https:\/\/commons.ngi.eu\/fr\/#organization\",\"name\":\"NGI Commons\",\"url\":\"https:\/\/commons.ngi.eu\/fr\/\",\"logo\":{\"@type\":\"ImageObject\",\"inLanguage\":\"fr-FR\",\"@id\":\"https:\/\/commons.ngi.eu\/fr\/#\/schema\/logo\/image\/\",\"url\":\"https:\/\/commons.ngi.eu\/wp-content\/uploads\/2023\/12\/NGI-Commons_avatar.png\",\"contentUrl\":\"https:\/\/commons.ngi.eu\/wp-content\/uploads\/2023\/12\/NGI-Commons_avatar.png\",\"width\":600,\"height\":600,\"caption\":\"NGI Commons\"},\"image\":{\"@id\":\"https:\/\/commons.ngi.eu\/fr\/#\/schema\/logo\/image\/\"},\"sameAs\":[\"https:\/\/x.com\/NGICommons\",\"https:\/\/www.linkedin.com\/showcase\/ngi-commons\/\",\"https:\/\/eupolicy.social\/@NGICommons\",\"https:\/\/bsky.app\/profile\/ngicommons.bsky.social\"]}]}<\/script>\n<!-- \/ Yoast SEO plugin. -->","yoast_head_json":{"title":"Deliverables - NGI Commons","description":"The NGI Commons press area: press releases and press clippings.","robots":{"index":"index","follow":"follow","max-snippet":"max-snippet:-1","max-image-preview":"max-image-preview:large","max-video-preview":"max-video-preview:-1"},"canonical":"https:\/\/commons.ngi.eu\/fr\/deliverables\/","og_locale":"fr_FR","og_type":"article","og_title":"Deliverables - NGI Commons","og_description":"The NGI Commons press area: press releases and press clippings.","og_url":"https:\/\/commons.ngi.eu\/fr\/deliverables\/","og_site_name":"NGI Commons","article_modified_time":"2026-02-25T14:26:20+00:00","og_image":[{"width":1920,"height":1280,"url":"https:\/\/commons.ngi.eu\/wp-content\/uploads\/2024\/02\/NGICommons.jpg","type":"image\/jpeg"}],"twitter_card":"summary_large_image","twitter_site":"@NGICommons","twitter_misc":{"Dur\u00e9e de lecture estim\u00e9e":"2 minutes"},"schema":{"@context":"https:\/\/schema.org","@graph":[{"@type":"WebPage","@id":"https:\/\/commons.ngi.eu\/deliverables\/","url":"https:\/\/commons.ngi.eu\/deliverables\/","name":"Deliverables - NGI Commons","isPartOf":{"@id":"https:\/\/commons.ngi.eu\/fr\/#website"},"primaryImageOfPage":{"@id":"https:\/\/commons.ngi.eu\/deliverables\/#primaryimage"},"image":{"@id":"https:\/\/commons.ngi.eu\/deliverables\/#primaryimage"},"thumbnailUrl":"https:\/\/commons.ngi.eu\/wp-content\/uploads\/2024\/02\/NGICommons.jpg","datePublished":"2024-11-26T17:52:39+00:00","dateModified":"2026-02-25T14:26:20+00:00","description":"The NGI Commons press area: press releases and press clippings.","breadcrumb":{"@id":"https:\/\/commons.ngi.eu\/deliverables\/#breadcrumb"},"inLanguage":"fr-FR","potentialAction":[{"@type":"ReadAction","target":["https:\/\/commons.ngi.eu\/deliverables\/"]}]},{"@type":"ImageObject","inLanguage":"fr-FR","@id":"https:\/\/commons.ngi.eu\/deliverables\/#primaryimage","url":"https:\/\/commons.ngi.eu\/wp-content\/uploads\/2024\/02\/NGICommons.jpg","contentUrl":"https:\/\/commons.ngi.eu\/wp-content\/uploads\/2024\/02\/NGICommons.jpg","width":1920,"height":1280,"caption":"NGI Commons"},{"@type":"BreadcrumbList","@id":"https:\/\/commons.ngi.eu\/deliverables\/#breadcrumb","itemListElement":[{"@type":"ListItem","position":1,"name":"Home","item":"https:\/\/commons.ngi.eu\/"},{"@type":"ListItem","position":2,"name":"Deliverables"}]},{"@type":"WebSite","@id":"https:\/\/commons.ngi.eu\/fr\/#website","url":"https:\/\/commons.ngi.eu\/fr\/","name":"NGI Commons","description":"Open Source and Internet Commons for Europe\u2019s Digital Sovereignty","publisher":{"@id":"https:\/\/commons.ngi.eu\/fr\/#organization"},"potentialAction":[{"@type":"SearchAction","target":{"@type":"EntryPoint","urlTemplate":"https:\/\/commons.ngi.eu\/fr\/?s={search_term_string}"},"query-input":{"@type":"PropertyValueSpecification","valueRequired":true,"valueName":"search_term_string"}}],"inLanguage":"fr-FR"},{"@type":"Organization","@id":"https:\/\/commons.ngi.eu\/fr\/#organization","name":"NGI Commons","url":"https:\/\/commons.ngi.eu\/fr\/","logo":{"@type":"ImageObject","inLanguage":"fr-FR","@id":"https:\/\/commons.ngi.eu\/fr\/#\/schema\/logo\/image\/","url":"https:\/\/commons.ngi.eu\/wp-content\/uploads\/2023\/12\/NGI-Commons_avatar.png","contentUrl":"https:\/\/commons.ngi.eu\/wp-content\/uploads\/2023\/12\/NGI-Commons_avatar.png","width":600,"height":600,"caption":"NGI Commons"},"image":{"@id":"https:\/\/commons.ngi.eu\/fr\/#\/schema\/logo\/image\/"},"sameAs":["https:\/\/x.com\/NGICommons","https:\/\/www.linkedin.com\/showcase\/ngi-commons\/","https:\/\/eupolicy.social\/@NGICommons","https:\/\/bsky.app\/profile\/ngicommons.bsky.social"]}]}},"taxonomy_info":[],"featured_image_src_large":["https:\/\/commons.ngi.eu\/wp-content\/uploads\/2024\/02\/NGICommons-1024x683.jpg",1024,683,true],"author_info":{"display_name":"margfmartel16","author_link":"https:\/\/commons.ngi.eu\/fr\/author\/margfmartel16\/"},"comment_info":0,"_links":{"self":[{"href":"https:\/\/commons.ngi.eu\/fr\/wp-json\/wp\/v2\/pages\/53645","targetHints":{"allow":["GET"]}}],"collection":[{"href":"https:\/\/commons.ngi.eu\/fr\/wp-json\/wp\/v2\/pages"}],"about":[{"href":"https:\/\/commons.ngi.eu\/fr\/wp-json\/wp\/v2\/types\/page"}],"author":[{"embeddable":true,"href":"https:\/\/commons.ngi.eu\/fr\/wp-json\/wp\/v2\/users\/2"}],"replies":[{"embeddable":true,"href":"https:\/\/commons.ngi.eu\/fr\/wp-json\/wp\/v2\/comments?post=53645"}],"version-history":[{"count":10,"href":"https:\/\/commons.ngi.eu\/fr\/wp-json\/wp\/v2\/pages\/53645\/revisions"}],"predecessor-version":[{"id":54736,"href":"https:\/\/commons.ngi.eu\/fr\/wp-json\/wp\/v2\/pages\/53645\/revisions\/54736"}],"wp:featuredmedia":[{"embeddable":true,"href":"https:\/\/commons.ngi.eu\/fr\/wp-json\/wp\/v2\/media\/739"}],"wp:attachment":[{"href":"https:\/\/commons.ngi.eu\/fr\/wp-json\/wp\/v2\/media?parent=53645"}],"curies":[{"name":"wp","href":"https:\/\/api.w.org\/{rel}","templated":true}]}}