{"id":53927,"date":"2025-03-13T09:21:00","date_gmt":"2025-03-13T08:21:00","guid":{"rendered":"https:\/\/commons.ngi.eu\/?page_id=53927"},"modified":"2025-03-28T16:59:37","modified_gmt":"2025-03-28T15:59:37","slug":"dctf","status":"publish","type":"page","link":"https:\/\/commons.ngi.eu\/dctf\/","title":{"rendered":"<p>DCTF<\/p>"},"content":{"rendered":"<style>.kb-row-layout-id53927_660a13-88 > .kt-row-column-wrap{align-content:start;}:where(.kb-row-layout-id53927_660a13-88 > .kt-row-column-wrap) > .wp-block-kadence-column{justify-content:start;}.kb-row-layout-id53927_660a13-88 > .kt-row-column-wrap{column-gap:var(--global-kb-gap-md, 2rem);row-gap:var(--global-kb-gap-md, 2rem);max-width:var( --global-content-width, 1290px );padding-left:var(--global-content-edge-padding);padding-right:var(--global-content-edge-padding);padding-top:150px;padding-bottom:90px;grid-template-columns:minmax(0, 1fr);}.kb-row-layout-id53927_660a13-88{background-image:url('https:\/\/commons.ngi.eu\/wp-content\/uploads\/2023\/12\/background_03.jpg');background-size:cover;background-position:center center;background-attachment:fixed;background-repeat:no-repeat;}.kb-row-layout-id53927_660a13-88 > .kt-row-layout-overlay{opacity:0.75;background-color:var(--global-palette3, #1A202C);mix-blend-mode:multiply;}@media all and (max-width: 1024px), only screen and (min-device-width: 1024px) and (max-device-width: 1366px) and (-webkit-min-device-pixel-ratio: 2) and (hover: none){.kb-row-layout-id53927_660a13-88{background-attachment:scroll;}}@media all and (max-width: 1024px){.kb-row-layout-id53927_660a13-88 > .kt-row-column-wrap{grid-template-columns:minmax(0, 1fr);}}@media all and (max-width: 767px){.kb-row-layout-id53927_660a13-88 > .kt-row-column-wrap{grid-template-columns:minmax(0, 1fr);}}<div class=\"kb-row-layout-wrap kb-row-layout-id53927_660a13-88 alignnone has-theme-palette3-background-color kt-row-has-bg kt-jarallax wp-block-kadence-rowlayout\" data-img-position=\"center center\" data-img-size=\"cover\"><div class=\"kt-row-layout-overlay kt-row-overlay-normal\"><\/div><div class=\"kt-row-column-wrap kt-has-1-columns kt-row-layout-equal kt-tab-layout-inherit kt-mobile-layout-row kt-row-valign-top kb-theme-content-width\">\n<style>.kadence-column53927_b4aa1e-b8 > .kt-inside-inner-col,.kadence-column53927_b4aa1e-b8 > .kt-inside-inner-col:before{border-top-left-radius:0px;border-top-right-radius:0px;border-bottom-right-radius:0px;border-bottom-left-radius:0px;}.kadence-column53927_b4aa1e-b8 > .kt-inside-inner-col{column-gap:var(--global-kb-gap-sm, 1rem);}.kadence-column53927_b4aa1e-b8 > .kt-inside-inner-col{flex-direction:column;}.kadence-column53927_b4aa1e-b8 > .kt-inside-inner-col > .aligncenter{width:100%;}.kadence-column53927_b4aa1e-b8 > .kt-inside-inner-col:before{opacity:0.3;}.kadence-column53927_b4aa1e-b8{position:relative;}@media all and (max-width: 1024px){.kadence-column53927_b4aa1e-b8 > .kt-inside-inner-col{flex-direction:column;justify-content:center;}}@media all and (max-width: 767px){.kadence-column53927_b4aa1e-b8 > .kt-inside-inner-col{flex-direction:column;justify-content:center;}}<\/style>\n<div class=\"wp-block-kadence-column kadence-column53927_b4aa1e-b8 inner-column-1\"><div class=\"kt-inside-inner-col\"><style>.wp-block-kadence-advancedheading.kt-adv-heading53927_8c0a4f-f8, .wp-block-kadence-advancedheading.kt-adv-heading53927_8c0a4f-f8[data-kb-block=\"kb-adv-heading53927_8c0a4f-f8\"]{text-align:center;font-size:80px;font-style:normal;}.wp-block-kadence-advancedheading.kt-adv-heading53927_8c0a4f-f8 mark.kt-highlight, .wp-block-kadence-advancedheading.kt-adv-heading53927_8c0a4f-f8[data-kb-block=\"kb-adv-heading53927_8c0a4f-f8\"] mark.kt-highlight{font-style:normal;color:#f76a0c;-webkit-box-decoration-break:clone;box-decoration-break:clone;padding-top:0px;padding-right:0px;padding-bottom:0px;padding-left:0px;}.wp-block-kadence-advancedheading.kt-adv-heading53927_8c0a4f-f8 img.kb-inline-image, .wp-block-kadence-advancedheading.kt-adv-heading53927_8c0a4f-f8[data-kb-block=\"kb-adv-heading53927_8c0a4f-f8\"] img.kb-inline-image{width:150px;vertical-align:baseline;}@media all and (max-width: 1024px){.wp-block-kadence-advancedheading.kt-adv-heading53927_8c0a4f-f8, .wp-block-kadence-advancedheading.kt-adv-heading53927_8c0a4f-f8[data-kb-block=\"kb-adv-heading53927_8c0a4f-f8\"]{font-size:60px;}}@media all and (max-width: 767px){.wp-block-kadence-advancedheading.kt-adv-heading53927_8c0a4f-f8, .wp-block-kadence-advancedheading.kt-adv-heading53927_8c0a4f-f8[data-kb-block=\"kb-adv-heading53927_8c0a4f-f8\"]{font-size:26px;}}<\/style>\n<h1 class=\"kt-adv-heading53927_8c0a4f-f8 wp-block-kadence-advancedheading has-theme-palette-9-color has-text-color\" data-kb-block=\"kb-adv-heading53927_8c0a4f-f8\"><strong>Task force \u00abCommons num\u00e9riques\u00bb<\/strong><\/h1>\n\n\n<style>.wp-block-kadence-advancedheading.kt-adv-heading53927_aa4d3c-72, .wp-block-kadence-advancedheading.kt-adv-heading53927_aa4d3c-72[data-kb-block=\"kb-adv-heading53927_aa4d3c-72\"]{text-align:center;font-style:normal;}.wp-block-kadence-advancedheading.kt-adv-heading53927_aa4d3c-72 mark.kt-highlight, .wp-block-kadence-advancedheading.kt-adv-heading53927_aa4d3c-72[data-kb-block=\"kb-adv-heading53927_aa4d3c-72\"] mark.kt-highlight{font-style:normal;color:#f76a0c;-webkit-box-decoration-break:clone;box-decoration-break:clone;padding-top:0px;padding-right:0px;padding-bottom:0px;padding-left:0px;}.wp-block-kadence-advancedheading.kt-adv-heading53927_aa4d3c-72 img.kb-inline-image, .wp-block-kadence-advancedheading.kt-adv-heading53927_aa4d3c-72[data-kb-block=\"kb-adv-heading53927_aa4d3c-72\"] img.kb-inline-image{width:150px;vertical-align:baseline;}<\/style>\n<p class=\"kt-adv-heading53927_aa4d3c-72 wp-block-kadence-advancedheading has-theme-palette-9-color has-text-color\" data-kb-block=\"kb-adv-heading53927_aa4d3c-72\"><strong>Nos experts techniques et strat\u00e9giques.<\/strong><a href=\"https:\/\/startertemplatecloud.com\/e18\/#\"><\/a><\/p>\n<\/div><\/div>\n\n<\/div><\/div><style>.kb-row-layout-id53927_dc3c97-0d > .kt-row-column-wrap{align-content:center;}:where(.kb-row-layout-id53927_dc3c97-0d > .kt-row-column-wrap) > .wp-block-kadence-column{justify-content:center;}.kb-row-layout-id53927_dc3c97-0d > .kt-row-column-wrap{column-gap:0px;row-gap:var(--global-kb-gap-md, 2rem);max-width:var( --global-content-width, 1290px );padding-left:var(--global-content-edge-padding);padding-right:var(--global-content-edge-padding);padding-top:80px;padding-bottom:80px;}.kb-row-layout-id53927_dc3c97-0d > .kt-row-column-wrap > *:nth-child(3n+1 of *:not(style)){grid-column:1 \/ -1;}.kb-row-layout-id53927_dc3c97-0d > .kt-row-column-wrap{grid-template-columns:repeat(2, minmax(0, 1fr));}.kb-row-layout-id53927_dc3c97-0d > .kt-row-layout-overlay{opacity:0.30;}@media all and (max-width: 1024px){.kb-row-layout-id53927_dc3c97-0d > .kt-row-column-wrap > *:nth-child(3n+1 of *:not(style)){grid-column:1 \/ -1;}}@media all and (max-width: 1024px){.kb-row-layout-id53927_dc3c97-0d > .kt-row-column-wrap{grid-template-columns:repeat(2, minmax(0, 1fr));}}@media all and (max-width: 767px){.kb-row-layout-id53927_dc3c97-0d > .kt-row-column-wrap > div:not(.added-for-specificity){grid-column:initial;}.kb-row-layout-id53927_dc3c97-0d > .kt-row-column-wrap{grid-template-columns:minmax(0, 1fr);}}<\/style><div class=\"kb-row-layout-wrap kb-row-layout-id53927_dc3c97-0d alignnone wp-block-kadence-rowlayout\"><div class=\"kt-row-column-wrap kt-has-3-columns kt-row-layout-first-row kt-tab-layout-inherit kt-mobile-layout-row kt-row-valign-middle kb-theme-content-width\">\n<style>.kadence-column53927_3d6341-9b > .kt-inside-inner-col,.kadence-column53927_3d6341-9b > .kt-inside-inner-col:before{border-top-left-radius:0px;border-top-right-radius:0px;border-bottom-right-radius:0px;border-bottom-left-radius:0px;}.kadence-column53927_3d6341-9b > .kt-inside-inner-col{column-gap:var(--global-kb-gap-sm, 1rem);}.kadence-column53927_3d6341-9b > .kt-inside-inner-col{flex-direction:column;}.kadence-column53927_3d6341-9b > .kt-inside-inner-col > .aligncenter{width:100%;}.kadence-column53927_3d6341-9b > .kt-inside-inner-col:before{opacity:0.3;}.kadence-column53927_3d6341-9b{position:relative;}@media all and (max-width: 1024px){.kadence-column53927_3d6341-9b > .kt-inside-inner-col{flex-direction:column;justify-content:center;}}@media all and (max-width: 767px){.kadence-column53927_3d6341-9b > .kt-inside-inner-col{flex-direction:column;justify-content:center;}}<\/style>\n<div class=\"wp-block-kadence-column kadence-column53927_3d6341-9b inner-column-1\"><div class=\"kt-inside-inner-col\">\n<h2 class=\"wp-block-heading\"><strong>Qu\u2019est-ce que NGI Commons DCTF?<\/strong><\/h2>\n\n\n\n<p>La task force NGI Commons Digital Commons (DCTF) est un organe sp\u00e9cialis\u00e9 dot\u00e9 d\u2019une expertise technique et d\u2019une vision strat\u00e9gique cr\u00e9\u00e9 pour aider \u00e0 analyser le portefeuille d\u2019innovations NGI et l\u2019effet du financement NGI sur les initiatives Digital Commons\/Internet Commons (DC\/IC). Il se compose d\u2019un groupe de chercheurs, d\u2019experts politiques et technologiques de premier plan, s\u00e9lectionn\u00e9s \u00e0 la main, qui n\u2019ont peut-\u00eatre aucun lien avec les projets financ\u00e9s par l\u2019instrument NGI.<\/p>\n\n\n\n<p><strong>La DCTF jouera plusieurs r\u00f4les cl\u00e9s dans le soutien au d\u00e9veloppement de NGI Commons?<\/strong><\/p>\n\n\n\n<ul class=\"wp-block-list\">\n<li>Aider \u00e0 d\u00e9terminer les priorit\u00e9s du CD\/CI<\/li>\n\n\n\n<li>Aider \u00e0 d\u00e9finir les crit\u00e8res et le cadre d\u2019analyse du portefeuille NGI<\/li>\n\n\n\n<li>Aider \u00e0 recenser les initiatives de CD\/CI pr\u00e9sentant un int\u00e9r\u00eat pour les r\u00e9seaux NGI et \u00e0 \u00e9tablir des liaisons<\/li>\n\n\n\n<li>Aider \u00e0 s\u00e9lectionner des cas d\u2019utilisation pour mesurer l\u2019effet de levier du financement NGI<\/li>\n\n\n\n<li>Fournir des conseils sur un plan d\u2019action \u00e0 long terme pour l\u2019exploitation et la durabilit\u00e9&nbsp;<\/li>\n<\/ul>\n<\/div><\/div>\n\n\n<style>.kadence-column53927_6d0b6f-73 > .kt-inside-inner-col,.kadence-column53927_6d0b6f-73 > .kt-inside-inner-col:before{border-top-left-radius:0px;border-top-right-radius:0px;border-bottom-right-radius:0px;border-bottom-left-radius:0px;}.kadence-column53927_6d0b6f-73 > .kt-inside-inner-col{column-gap:var(--global-kb-gap-sm, 1rem);}.kadence-column53927_6d0b6f-73 > .kt-inside-inner-col{flex-direction:column;}.kadence-column53927_6d0b6f-73 > .kt-inside-inner-col > .aligncenter{width:100%;}.kadence-column53927_6d0b6f-73 > .kt-inside-inner-col:before{opacity:0.3;}.kadence-column53927_6d0b6f-73{position:relative;}@media all and (max-width: 1024px){.kadence-column53927_6d0b6f-73 > .kt-inside-inner-col{flex-direction:column;justify-content:center;}}@media all and (max-width: 767px){.kadence-column53927_6d0b6f-73 > .kt-inside-inner-col{flex-direction:column;justify-content:center;}}<\/style>\n<div class=\"wp-block-kadence-column kadence-column53927_6d0b6f-73\"><div class=\"kt-inside-inner-col\"><style>.kb-lottie-container53927_7c0202-56 dotlottie-player{max-width:auto;}<\/style><div class=\"kb-lottie-container kb-lottie-container53927_7c0202-56\"><dotlottie-player loop=\"true\" speed=\"1\" autoplay=\"true\" mode=\"normal\" src=\"https:\/\/lottie.host\/60666875-6244-487d-bd26-fc09d06ad241\/KfT5hg7ICO.lottie\" id=\"kb-lottie-player53927_7c0202-56\"><\/dotlottie-player><\/div><\/div><\/div>\n\n\n<style>.kadence-column53927_41a8c4-a8 > .kt-inside-inner-col,.kadence-column53927_41a8c4-a8 > .kt-inside-inner-col:before{border-top-left-radius:0px;border-top-right-radius:0px;border-bottom-right-radius:0px;border-bottom-left-radius:0px;}.kadence-column53927_41a8c4-a8 > .kt-inside-inner-col{column-gap:var(--global-kb-gap-sm, 1rem);}.kadence-column53927_41a8c4-a8 > .kt-inside-inner-col{flex-direction:column;}.kadence-column53927_41a8c4-a8 > .kt-inside-inner-col > .aligncenter{width:100%;}.kadence-column53927_41a8c4-a8 > .kt-inside-inner-col:before{opacity:0.3;}.kadence-column53927_41a8c4-a8{position:relative;}@media all and (max-width: 1024px){.kadence-column53927_41a8c4-a8 > .kt-inside-inner-col{flex-direction:column;justify-content:center;}}@media all and (max-width: 767px){.kadence-column53927_41a8c4-a8 > .kt-inside-inner-col{flex-direction:column;justify-content:center;}}<\/style>\n<div class=\"wp-block-kadence-column kadence-column53927_41a8c4-a8\"><div class=\"kt-inside-inner-col\"><style>.kb-lottie-container53927_3fd76b-c2 dotlottie-player{max-width:auto;}<\/style><div class=\"kb-lottie-container kb-lottie-container53927_3fd76b-c2\"><dotlottie-player loop=\"true\" speed=\"1\" autoplay=\"true\" mode=\"normal\" src=\"https:\/\/lottie.host\/40b2036f-20d9-4891-bf72-fb8225952767\/g9XKWUM9UE.lottie\" id=\"kb-lottie-player53927_3fd76b-c2\"><\/dotlottie-player><\/div><\/div><\/div>\n\n<\/div><\/div><p><\/p><\/style>","protected":false},"excerpt":{"rendered":"<p>Groupe de travail \u00abDigital Commons\u00bb \u2014 Nos experts techniques et strat\u00e9giques. Qu\u2019est-ce que le NGI Commons DCTF? La task force \u00abNGI Commons Digital Commons\u00bb (DCTF) est un organe sp\u00e9cialis\u00e9 dot\u00e9 d\u2019une expertise technique...<\/p>","protected":false},"author":2,"featured_media":739,"parent":0,"menu_order":0,"comment_status":"closed","ping_status":"closed","template":"","meta":{"_acf_changed":false,"_tec_requires_first_save":true,"_kad_blocks_custom_css":"","_kad_blocks_head_custom_js":"","_kad_blocks_body_custom_js":"","_kad_blocks_footer_custom_js":"","_EventAllDay":false,"_EventTimezone":"","_EventStartDate":"","_EventEndDate":"","_EventStartDateUTC":"","_EventEndDateUTC":"","_EventShowMap":false,"_EventShowMapLink":false,"_EventURL":"","_EventCost":"","_EventCostDescription":"","_EventCurrencySymbol":"","_EventCurrencyCode":"","_EventCurrencyPosition":"","_EventDateTimeSeparator":"","_EventTimeRangeSeparator":"","_EventOrganizerID":[],"_EventVenueID":[],"_OrganizerEmail":"","_OrganizerPhone":"","_OrganizerWebsite":"","_VenueAddress":"","_VenueCity":"","_VenueCountry":"","_VenueProvince":"","_VenueState":"","_VenueZip":"","_VenuePhone":"","_VenueURL":"","_VenueStateProvince":"","_VenueLat":"","_VenueLng":"","_VenueShowMap":false,"_VenueShowMapLink":false,"_tribe_blocks_recurrence_rules":"","_tribe_blocks_recurrence_description":"","_tribe_blocks_recurrence_exclusions":"","_kad_post_transparent":"","_kad_post_title":"hide","_kad_post_layout":"fullwidth","_kad_post_sidebar_id":"","_kad_post_content_style":"unboxed","_kad_post_vertical_padding":"hide","_kad_post_feature":"hide","_kad_post_feature_position":"","_kad_post_header":false,"_kad_post_footer":false,"_kad_post_classname":"","footnotes":""},"class_list":["post-53927","page","type-page","status-publish","has-post-thumbnail","hentry"],"acf":[],"yoast_head":"<!-- This site is optimized with the Yoast SEO plugin v27.1.1 - https:\/\/yoast.com\/product\/yoast-seo-wordpress\/ -->\n<title>DCTF - NGI Commons<\/title>\n<meta name=\"description\" content=\"The NGI Commons consortium comprises experts from six organizations and four European countries are represented.\" \/>\n<meta name=\"robots\" content=\"index, follow, max-snippet:-1, max-image-preview:large, max-video-preview:-1\" \/>\n<link rel=\"canonical\" href=\"https:\/\/commons.ngi.eu\/fr\/dctf\/\" \/>\n<meta property=\"og:locale\" content=\"fr_FR\" \/>\n<meta property=\"og:type\" content=\"article\" \/>\n<meta property=\"og:title\" content=\"DCTF - NGI Commons\" \/>\n<meta property=\"og:description\" content=\"The NGI Commons consortium comprises experts from six organizations and four European countries are represented.\" \/>\n<meta property=\"og:url\" content=\"https:\/\/commons.ngi.eu\/fr\/dctf\/\" \/>\n<meta property=\"og:site_name\" content=\"NGI Commons\" \/>\n<meta property=\"article:modified_time\" content=\"2025-03-28T15:59:37+00:00\" \/>\n<meta property=\"og:image\" content=\"https:\/\/commons.ngi.eu\/wp-content\/uploads\/2024\/02\/NGICommons.jpg\" \/>\n\t<meta property=\"og:image:width\" content=\"1920\" \/>\n\t<meta property=\"og:image:height\" content=\"1280\" \/>\n\t<meta property=\"og:image:type\" content=\"image\/jpeg\" \/>\n<meta name=\"twitter:card\" content=\"summary_large_image\" \/>\n<meta name=\"twitter:site\" content=\"@NGICommons\" \/>\n<meta name=\"twitter:label1\" content=\"Dur\u00e9e de lecture estim\u00e9e\" \/>\n\t<meta name=\"twitter:data1\" content=\"1 minute\" \/>\n<script type=\"application\/ld+json\" class=\"yoast-schema-graph\">{\"@context\":\"https:\/\/schema.org\",\"@graph\":[{\"@type\":\"WebPage\",\"@id\":\"https:\/\/commons.ngi.eu\/dctf\/\",\"url\":\"https:\/\/commons.ngi.eu\/dctf\/\",\"name\":\"DCTF - NGI Commons\",\"isPartOf\":{\"@id\":\"https:\/\/commons.ngi.eu\/fr\/#website\"},\"primaryImageOfPage\":{\"@id\":\"https:\/\/commons.ngi.eu\/dctf\/#primaryimage\"},\"image\":{\"@id\":\"https:\/\/commons.ngi.eu\/dctf\/#primaryimage\"},\"thumbnailUrl\":\"https:\/\/commons.ngi.eu\/wp-content\/uploads\/2024\/02\/NGICommons.jpg\",\"datePublished\":\"2025-03-13T08:21:00+00:00\",\"dateModified\":\"2025-03-28T15:59:37+00:00\",\"description\":\"The NGI Commons consortium comprises experts from six organizations and four European countries are represented.\",\"breadcrumb\":{\"@id\":\"https:\/\/commons.ngi.eu\/dctf\/#breadcrumb\"},\"inLanguage\":\"fr-FR\",\"potentialAction\":[{\"@type\":\"ReadAction\",\"target\":[\"https:\/\/commons.ngi.eu\/dctf\/\"]}]},{\"@type\":\"ImageObject\",\"inLanguage\":\"fr-FR\",\"@id\":\"https:\/\/commons.ngi.eu\/dctf\/#primaryimage\",\"url\":\"https:\/\/commons.ngi.eu\/wp-content\/uploads\/2024\/02\/NGICommons.jpg\",\"contentUrl\":\"https:\/\/commons.ngi.eu\/wp-content\/uploads\/2024\/02\/NGICommons.jpg\",\"width\":1920,\"height\":1280,\"caption\":\"NGI Commons\"},{\"@type\":\"BreadcrumbList\",\"@id\":\"https:\/\/commons.ngi.eu\/dctf\/#breadcrumb\",\"itemListElement\":[{\"@type\":\"ListItem\",\"position\":1,\"name\":\"Home\",\"item\":\"https:\/\/commons.ngi.eu\/\"},{\"@type\":\"ListItem\",\"position\":2,\"name\":\"DCTF\"}]},{\"@type\":\"WebSite\",\"@id\":\"https:\/\/commons.ngi.eu\/fr\/#website\",\"url\":\"https:\/\/commons.ngi.eu\/fr\/\",\"name\":\"NGI Commons\",\"description\":\"Open Source and Internet Commons for Europe\u2019s Digital Sovereignty\",\"publisher\":{\"@id\":\"https:\/\/commons.ngi.eu\/fr\/#organization\"},\"potentialAction\":[{\"@type\":\"SearchAction\",\"target\":{\"@type\":\"EntryPoint\",\"urlTemplate\":\"https:\/\/commons.ngi.eu\/fr\/?s={search_term_string}\"},\"query-input\":{\"@type\":\"PropertyValueSpecification\",\"valueRequired\":true,\"valueName\":\"search_term_string\"}}],\"inLanguage\":\"fr-FR\"},{\"@type\":\"Organization\",\"@id\":\"https:\/\/commons.ngi.eu\/fr\/#organization\",\"name\":\"NGI Commons\",\"url\":\"https:\/\/commons.ngi.eu\/fr\/\",\"logo\":{\"@type\":\"ImageObject\",\"inLanguage\":\"fr-FR\",\"@id\":\"https:\/\/commons.ngi.eu\/fr\/#\/schema\/logo\/image\/\",\"url\":\"https:\/\/commons.ngi.eu\/wp-content\/uploads\/2023\/12\/NGI-Commons_avatar.png\",\"contentUrl\":\"https:\/\/commons.ngi.eu\/wp-content\/uploads\/2023\/12\/NGI-Commons_avatar.png\",\"width\":600,\"height\":600,\"caption\":\"NGI Commons\"},\"image\":{\"@id\":\"https:\/\/commons.ngi.eu\/fr\/#\/schema\/logo\/image\/\"},\"sameAs\":[\"https:\/\/x.com\/NGICommons\",\"https:\/\/www.linkedin.com\/showcase\/ngi-commons\/\",\"https:\/\/eupolicy.social\/@NGICommons\",\"https:\/\/bsky.app\/profile\/ngicommons.bsky.social\"]}]}<\/script>\n<!-- \/ Yoast SEO plugin. -->","yoast_head_json":{"title":"DCTF - NGI Commons","description":"The NGI Commons consortium comprises experts from six organizations and four European countries are represented.","robots":{"index":"index","follow":"follow","max-snippet":"max-snippet:-1","max-image-preview":"max-image-preview:large","max-video-preview":"max-video-preview:-1"},"canonical":"https:\/\/commons.ngi.eu\/fr\/dctf\/","og_locale":"fr_FR","og_type":"article","og_title":"DCTF - NGI Commons","og_description":"The NGI Commons consortium comprises experts from six organizations and four European countries are represented.","og_url":"https:\/\/commons.ngi.eu\/fr\/dctf\/","og_site_name":"NGI Commons","article_modified_time":"2025-03-28T15:59:37+00:00","og_image":[{"width":1920,"height":1280,"url":"https:\/\/commons.ngi.eu\/wp-content\/uploads\/2024\/02\/NGICommons.jpg","type":"image\/jpeg"}],"twitter_card":"summary_large_image","twitter_site":"@NGICommons","twitter_misc":{"Dur\u00e9e de lecture estim\u00e9e":"1 minute"},"schema":{"@context":"https:\/\/schema.org","@graph":[{"@type":"WebPage","@id":"https:\/\/commons.ngi.eu\/dctf\/","url":"https:\/\/commons.ngi.eu\/dctf\/","name":"DCTF - NGI Commons","isPartOf":{"@id":"https:\/\/commons.ngi.eu\/fr\/#website"},"primaryImageOfPage":{"@id":"https:\/\/commons.ngi.eu\/dctf\/#primaryimage"},"image":{"@id":"https:\/\/commons.ngi.eu\/dctf\/#primaryimage"},"thumbnailUrl":"https:\/\/commons.ngi.eu\/wp-content\/uploads\/2024\/02\/NGICommons.jpg","datePublished":"2025-03-13T08:21:00+00:00","dateModified":"2025-03-28T15:59:37+00:00","description":"The NGI Commons consortium comprises experts from six organizations and four European countries are represented.","breadcrumb":{"@id":"https:\/\/commons.ngi.eu\/dctf\/#breadcrumb"},"inLanguage":"fr-FR","potentialAction":[{"@type":"ReadAction","target":["https:\/\/commons.ngi.eu\/dctf\/"]}]},{"@type":"ImageObject","inLanguage":"fr-FR","@id":"https:\/\/commons.ngi.eu\/dctf\/#primaryimage","url":"https:\/\/commons.ngi.eu\/wp-content\/uploads\/2024\/02\/NGICommons.jpg","contentUrl":"https:\/\/commons.ngi.eu\/wp-content\/uploads\/2024\/02\/NGICommons.jpg","width":1920,"height":1280,"caption":"NGI Commons"},{"@type":"BreadcrumbList","@id":"https:\/\/commons.ngi.eu\/dctf\/#breadcrumb","itemListElement":[{"@type":"ListItem","position":1,"name":"Home","item":"https:\/\/commons.ngi.eu\/"},{"@type":"ListItem","position":2,"name":"DCTF"}]},{"@type":"WebSite","@id":"https:\/\/commons.ngi.eu\/fr\/#website","url":"https:\/\/commons.ngi.eu\/fr\/","name":"NGI Commons","description":"Open Source and Internet Commons for Europe\u2019s Digital Sovereignty","publisher":{"@id":"https:\/\/commons.ngi.eu\/fr\/#organization"},"potentialAction":[{"@type":"SearchAction","target":{"@type":"EntryPoint","urlTemplate":"https:\/\/commons.ngi.eu\/fr\/?s={search_term_string}"},"query-input":{"@type":"PropertyValueSpecification","valueRequired":true,"valueName":"search_term_string"}}],"inLanguage":"fr-FR"},{"@type":"Organization","@id":"https:\/\/commons.ngi.eu\/fr\/#organization","name":"NGI Commons","url":"https:\/\/commons.ngi.eu\/fr\/","logo":{"@type":"ImageObject","inLanguage":"fr-FR","@id":"https:\/\/commons.ngi.eu\/fr\/#\/schema\/logo\/image\/","url":"https:\/\/commons.ngi.eu\/wp-content\/uploads\/2023\/12\/NGI-Commons_avatar.png","contentUrl":"https:\/\/commons.ngi.eu\/wp-content\/uploads\/2023\/12\/NGI-Commons_avatar.png","width":600,"height":600,"caption":"NGI Commons"},"image":{"@id":"https:\/\/commons.ngi.eu\/fr\/#\/schema\/logo\/image\/"},"sameAs":["https:\/\/x.com\/NGICommons","https:\/\/www.linkedin.com\/showcase\/ngi-commons\/","https:\/\/eupolicy.social\/@NGICommons","https:\/\/bsky.app\/profile\/ngicommons.bsky.social"]}]}},"taxonomy_info":[],"featured_image_src_large":["https:\/\/commons.ngi.eu\/wp-content\/uploads\/2024\/02\/NGICommons-1024x683.jpg",1024,683,true],"author_info":{"display_name":"margfmartel16","author_link":"https:\/\/commons.ngi.eu\/fr\/author\/margfmartel16\/"},"comment_info":0,"_links":{"self":[{"href":"https:\/\/commons.ngi.eu\/fr\/wp-json\/wp\/v2\/pages\/53927","targetHints":{"allow":["GET"]}}],"collection":[{"href":"https:\/\/commons.ngi.eu\/fr\/wp-json\/wp\/v2\/pages"}],"about":[{"href":"https:\/\/commons.ngi.eu\/fr\/wp-json\/wp\/v2\/types\/page"}],"author":[{"embeddable":true,"href":"https:\/\/commons.ngi.eu\/fr\/wp-json\/wp\/v2\/users\/2"}],"replies":[{"embeddable":true,"href":"https:\/\/commons.ngi.eu\/fr\/wp-json\/wp\/v2\/comments?post=53927"}],"version-history":[{"count":3,"href":"https:\/\/commons.ngi.eu\/fr\/wp-json\/wp\/v2\/pages\/53927\/revisions"}],"predecessor-version":[{"id":53963,"href":"https:\/\/commons.ngi.eu\/fr\/wp-json\/wp\/v2\/pages\/53927\/revisions\/53963"}],"wp:featuredmedia":[{"embeddable":true,"href":"https:\/\/commons.ngi.eu\/fr\/wp-json\/wp\/v2\/media\/739"}],"wp:attachment":[{"href":"https:\/\/commons.ngi.eu\/fr\/wp-json\/wp\/v2\/media?parent=53927"}],"curies":[{"name":"wp","href":"https:\/\/api.w.org\/{rel}","templated":true}]}}