{"id":814,"date":"2024-02-28T21:11:41","date_gmt":"2024-02-28T21:11:41","guid":{"rendered":"https:\/\/commons.ngi.eu\/?page_id=814"},"modified":"2024-07-29T17:28:50","modified_gmt":"2024-07-29T16:28:50","slug":"eco-friendly-website","status":"publish","type":"page","link":"https:\/\/commons.ngi.eu\/eco-friendly-website\/","title":{"rendered":"<p>Site web respectueux de l\u2019environnement<\/p>"},"content":{"rendered":"<style>.kb-row-layout-id814_f2bd36-dd > .kt-row-column-wrap{align-content:start;}:where(.kb-row-layout-id814_f2bd36-dd > .kt-row-column-wrap) > .wp-block-kadence-column{justify-content:start;}.kb-row-layout-id814_f2bd36-dd > .kt-row-column-wrap{column-gap:var(--global-kb-gap-md, 2rem);row-gap:var(--global-kb-gap-md, 2rem);max-width:var( --global-content-width, 1290px );padding-left:var(--global-content-edge-padding);padding-right:var(--global-content-edge-padding);padding-top:150px;padding-bottom:90px;grid-template-columns:minmax(0, 1fr);}.kb-row-layout-id814_f2bd36-dd{background-image:url('https:\/\/commons.ngi.eu\/wp-content\/uploads\/2023\/12\/background_03.jpg');background-size:cover;background-position:center center;background-attachment:fixed;background-repeat:no-repeat;}.kb-row-layout-id814_f2bd36-dd > .kt-row-layout-overlay{opacity:0.75;background-color:var(--global-palette3, #1A202C);mix-blend-mode:multiply;}@media all and (max-width: 1024px), only screen and (min-device-width: 1024px) and (max-device-width: 1366px) and (-webkit-min-device-pixel-ratio: 2) and (hover: none){.kb-row-layout-id814_f2bd36-dd{background-attachment:scroll;}}@media all and (max-width: 1024px){.kb-row-layout-id814_f2bd36-dd > .kt-row-column-wrap{grid-template-columns:minmax(0, 1fr);}}@media all and (max-width: 767px){.kb-row-layout-id814_f2bd36-dd > .kt-row-column-wrap{grid-template-columns:minmax(0, 1fr);}}<div class=\"kb-row-layout-wrap kb-row-layout-id814_f2bd36-dd alignnone has-theme-palette3-background-color kt-row-has-bg kt-jarallax wp-block-kadence-rowlayout\" data-img-position=\"center center\" data-img-size=\"cover\"><div class=\"kt-row-layout-overlay kt-row-overlay-normal\"><\/div><div class=\"kt-row-column-wrap kt-has-1-columns kt-row-layout-equal kt-tab-layout-inherit kt-mobile-layout-row kt-row-valign-top kb-theme-content-width\">\n<style>.kadence-column814_00698d-31 > .kt-inside-inner-col,.kadence-column814_00698d-31 > .kt-inside-inner-col:before{border-top-left-radius:0px;border-top-right-radius:0px;border-bottom-right-radius:0px;border-bottom-left-radius:0px;}.kadence-column814_00698d-31 > .kt-inside-inner-col{column-gap:var(--global-kb-gap-sm, 1rem);}.kadence-column814_00698d-31 > .kt-inside-inner-col{flex-direction:column;}.kadence-column814_00698d-31 > .kt-inside-inner-col > .aligncenter{width:100%;}.kadence-column814_00698d-31 > .kt-inside-inner-col:before{opacity:0.3;}.kadence-column814_00698d-31{position:relative;}@media all and (max-width: 1024px){.kadence-column814_00698d-31 > .kt-inside-inner-col{flex-direction:column;justify-content:center;}}@media all and (max-width: 767px){.kadence-column814_00698d-31 > .kt-inside-inner-col{flex-direction:column;justify-content:center;}}<\/style>\n<div class=\"wp-block-kadence-column kadence-column814_00698d-31 inner-column-1\"><div class=\"kt-inside-inner-col\"><style>.wp-block-kadence-advancedheading.kt-adv-heading814_30a0cd-bc, .wp-block-kadence-advancedheading.kt-adv-heading814_30a0cd-bc[data-kb-block=\"kb-adv-heading814_30a0cd-bc\"]{text-align:center;font-size:80px;font-style:normal;}.wp-block-kadence-advancedheading.kt-adv-heading814_30a0cd-bc mark.kt-highlight, .wp-block-kadence-advancedheading.kt-adv-heading814_30a0cd-bc[data-kb-block=\"kb-adv-heading814_30a0cd-bc\"] mark.kt-highlight{font-style:normal;color:#f76a0c;-webkit-box-decoration-break:clone;box-decoration-break:clone;padding-top:0px;padding-right:0px;padding-bottom:0px;padding-left:0px;}.wp-block-kadence-advancedheading.kt-adv-heading814_30a0cd-bc img.kb-inline-image, .wp-block-kadence-advancedheading.kt-adv-heading814_30a0cd-bc[data-kb-block=\"kb-adv-heading814_30a0cd-bc\"] img.kb-inline-image{width:150px;vertical-align:baseline;}@media all and (max-width: 1024px){.wp-block-kadence-advancedheading.kt-adv-heading814_30a0cd-bc, .wp-block-kadence-advancedheading.kt-adv-heading814_30a0cd-bc[data-kb-block=\"kb-adv-heading814_30a0cd-bc\"]{font-size:60px;}}@media all and (max-width: 767px){.wp-block-kadence-advancedheading.kt-adv-heading814_30a0cd-bc, .wp-block-kadence-advancedheading.kt-adv-heading814_30a0cd-bc[data-kb-block=\"kb-adv-heading814_30a0cd-bc\"]{font-size:26px;}}<\/style>\n<h1 class=\"kt-adv-heading814_30a0cd-bc wp-block-kadence-advancedheading has-theme-palette-9-color has-text-color\" data-kb-block=\"kb-adv-heading814_30a0cd-bc\">Websit respectueux de l\u2019environnement<\/h1>\n\n\n<style>.wp-block-kadence-advancedheading.kt-adv-heading814_784f93-82, .wp-block-kadence-advancedheading.kt-adv-heading814_784f93-82[data-kb-block=\"kb-adv-heading814_784f93-82\"]{text-align:center;font-style:normal;}.wp-block-kadence-advancedheading.kt-adv-heading814_784f93-82 mark.kt-highlight, .wp-block-kadence-advancedheading.kt-adv-heading814_784f93-82[data-kb-block=\"kb-adv-heading814_784f93-82\"] mark.kt-highlight{font-style:normal;color:#f76a0c;-webkit-box-decoration-break:clone;box-decoration-break:clone;padding-top:0px;padding-right:0px;padding-bottom:0px;padding-left:0px;}.wp-block-kadence-advancedheading.kt-adv-heading814_784f93-82 img.kb-inline-image, .wp-block-kadence-advancedheading.kt-adv-heading814_784f93-82[data-kb-block=\"kb-adv-heading814_784f93-82\"] img.kb-inline-image{width:150px;vertical-align:baseline;}<\/style>\n<p class=\"kt-adv-heading814_784f93-82 wp-block-kadence-advancedheading has-theme-palette-9-color has-text-color\" data-kb-block=\"kb-adv-heading814_784f93-82\"><strong>Faire la diff\u00e9rence de mani\u00e8re durable.<\/strong><a href=\"https:\/\/startertemplatecloud.com\/e18\/#\"><\/a><\/p>\n<\/div><\/div>\n\n<\/div><\/div><style>.kb-row-layout-id814_98dff9-93 > .kt-row-column-wrap{align-content:center;}:where(.kb-row-layout-id814_98dff9-93 > .kt-row-column-wrap) > .wp-block-kadence-column{justify-content:center;}.kb-row-layout-id814_98dff9-93 > .kt-row-column-wrap{column-gap:80px;row-gap:var(--global-kb-gap-md, 2rem);max-width:var( --global-content-width, 1290px );padding-left:var(--global-content-edge-padding);padding-right:var(--global-content-edge-padding);padding-top:80px;padding-bottom:80px;grid-template-columns:minmax(0, 1fr);}.kb-row-layout-id814_98dff9-93 > .kt-row-layout-overlay{opacity:0.30;}@media all and (max-width: 1024px){.kb-row-layout-id814_98dff9-93 > .kt-row-column-wrap{grid-template-columns:minmax(0, 1fr);}}@media all and (max-width: 767px){.kb-row-layout-id814_98dff9-93 > .kt-row-column-wrap{grid-template-columns:minmax(0, 1fr);}}<\/style><div class=\"kb-row-layout-wrap kb-row-layout-id814_98dff9-93 alignnone wp-block-kadence-rowlayout\"><div class=\"kt-row-column-wrap kt-has-1-columns kt-row-layout-equal kt-tab-layout-inherit kt-mobile-layout-row kt-row-valign-middle kb-theme-content-width\">\n<style>.kadence-column814_7188a1-5e > .kt-inside-inner-col,.kadence-column814_7188a1-5e > .kt-inside-inner-col:before{border-top-left-radius:0px;border-top-right-radius:0px;border-bottom-right-radius:0px;border-bottom-left-radius:0px;}.kadence-column814_7188a1-5e > .kt-inside-inner-col{column-gap:var(--global-kb-gap-sm, 1rem);}.kadence-column814_7188a1-5e > .kt-inside-inner-col{flex-direction:column;}.kadence-column814_7188a1-5e > .kt-inside-inner-col > .aligncenter{width:100%;}.kadence-column814_7188a1-5e > .kt-inside-inner-col:before{opacity:0.3;}.kadence-column814_7188a1-5e{position:relative;}@media all and (max-width: 1024px){.kadence-column814_7188a1-5e > .kt-inside-inner-col{flex-direction:column;justify-content:center;}}@media all and (max-width: 767px){.kadence-column814_7188a1-5e > .kt-inside-inner-col{flex-direction:column;justify-content:center;}}<\/style>\n<div class=\"wp-block-kadence-column kadence-column814_7188a1-5e inner-column-1\"><div class=\"kt-inside-inner-col\">\n<h3 class=\"wp-block-heading\" id=\"h-we-believe-in-making-a-difference-by-using-an-environmentally-responsible-website-hosting-platform\"><strong>nous croyons faire la diff\u00e9rence en utilisant une plateforme d\u2019h\u00e9bergement de site web respectueuse de l\u2019environnement.<\/strong><\/h3>\n\n\n\n<p><strong>Ce site web se trouve sur une plateforme d\u2019h\u00e9bergement rapide, s\u00e9curis\u00e9e et respectueuse de l\u2019environnement.<\/strong><\/p>\n\n\n\n<p>Notre fournisseur d\u2019h\u00e9bergement web, <a href=\"https:\/\/sustainability.aboutamazon.com\/products-services\/the-cloud?energyType=true\" target=\"_blank\" rel=\"noreferrer noopener\">AWS<\/a>, utiliser des serveurs situ\u00e9s en Allemagne, le plus en d\u00e9tail dans la r\u00e9gion de Francfort, qui utilisent 100% les \u00e9nergies renouvelables. La plateforme d\u2019h\u00e9bergement a \u00e9t\u00e9 con\u00e7ue pour \u00eatre aussi efficace sur le plan \u00e9nerg\u00e9tique que possible et limiter le gaspillage de ressources.<\/p>\n\n\n\n<p>Martel Innovate est responsable de la cr\u00e9ation et de la gestion de sites web pour des projets financ\u00e9s par la CE dans un certain nombre de domaines li\u00e9s aux TIC et est attach\u00e9e au pacte vert pour l\u2019Europe. Nous sommes d\u00e9termin\u00e9s \u00e0 proposer les meilleures solutions pour nos projets et nos partenaires et nous g\u00e9rons tous les sites web de projets au moyen de la m\u00eame solution verte de haute qualit\u00e9.<\/p>\n\n\n\n<p><strong>Fond\u00e9 par Martel&nbsp;<\/strong><a href=\"https:\/\/digital4planet.org\/\" target=\"_blank\" rel=\"noreferrer noopener\">Num\u00e9rique pour la plan\u00e8te (D4P)<\/a>, une association \u00e0 but non lucratif qui vise \u00e0 mobiliser des efforts en mati\u00e8re de recherche, d\u2019innovation et de politiques en faveur de technologies et de solutions centr\u00e9es sur l\u2019humain pour la durabilit\u00e9 de notre plan\u00e8te.&nbsp;<a href=\"https:\/\/digital4planet.org\/join-us-and-become-a-member\/\" target=\"_blank\" rel=\"noreferrer noopener\">Rejoignez-nous!<\/a><\/p>\n<\/div><\/div>\n\n<\/div><\/div><\/style>","protected":false},"excerpt":{"rendered":"<p>Une websit respectueuse de l\u2019environnement Faire la diff\u00e9rence de mani\u00e8re durable. Nous croyons faire la diff\u00e9rence en utilisant une plateforme d\u2019h\u00e9bergement de sites web respectueuse de l\u2019environnement. Ce site web est h\u00e9berg\u00e9...<\/p>","protected":false},"author":2,"featured_media":739,"parent":0,"menu_order":0,"comment_status":"closed","ping_status":"closed","template":"","meta":{"_acf_changed":false,"_tec_requires_first_save":true,"_kad_blocks_custom_css":"","_kad_blocks_head_custom_js":"","_kad_blocks_body_custom_js":"","_kad_blocks_footer_custom_js":"","_EventAllDay":false,"_EventTimezone":"","_EventStartDate":"","_EventEndDate":"","_EventStartDateUTC":"","_EventEndDateUTC":"","_EventShowMap":false,"_EventShowMapLink":false,"_EventURL":"","_EventCost":"","_EventCostDescription":"","_EventCurrencySymbol":"","_EventCurrencyCode":"","_EventCurrencyPosition":"","_EventDateTimeSeparator":"","_EventTimeRangeSeparator":"","_EventOrganizerID":[],"_EventVenueID":[],"_OrganizerEmail":"","_OrganizerPhone":"","_OrganizerWebsite":"","_VenueAddress":"","_VenueCity":"","_VenueCountry":"","_VenueProvince":"","_VenueState":"","_VenueZip":"","_VenuePhone":"","_VenueURL":"","_VenueStateProvince":"","_VenueLat":"","_VenueLng":"","_VenueShowMap":false,"_VenueShowMapLink":false,"_tribe_blocks_recurrence_rules":"","_tribe_blocks_recurrence_description":"","_tribe_blocks_recurrence_exclusions":"","_kad_post_transparent":"","_kad_post_title":"hide","_kad_post_layout":"fullwidth","_kad_post_sidebar_id":"","_kad_post_content_style":"unboxed","_kad_post_vertical_padding":"hide","_kad_post_feature":"hide","_kad_post_feature_position":"","_kad_post_header":false,"_kad_post_footer":false,"_kad_post_classname":"","footnotes":""},"class_list":["post-814","page","type-page","status-publish","has-post-thumbnail","hentry"],"acf":[],"yoast_head":"<!-- This site is optimized with the Yoast SEO plugin v27.1.1 - https:\/\/yoast.com\/product\/yoast-seo-wordpress\/ -->\n<title>Eco-Friendly Website - NGI Commons<\/title>\n<meta name=\"robots\" content=\"index, follow, max-snippet:-1, max-image-preview:large, max-video-preview:-1\" \/>\n<link rel=\"canonical\" href=\"https:\/\/commons.ngi.eu\/fr\/eco-friendly-website\/\" \/>\n<meta property=\"og:locale\" content=\"fr_FR\" \/>\n<meta property=\"og:type\" content=\"article\" \/>\n<meta property=\"og:title\" content=\"Eco-Friendly Website - NGI Commons\" \/>\n<meta property=\"og:description\" content=\"Eco-Friendly Websit Making the difference in a sustainable way. we believe in making a difference by using an environmentally responsible website hosting platform. This website is on a web hosting...\" \/>\n<meta property=\"og:url\" content=\"https:\/\/commons.ngi.eu\/fr\/eco-friendly-website\/\" \/>\n<meta property=\"og:site_name\" content=\"NGI Commons\" \/>\n<meta property=\"article:modified_time\" content=\"2024-07-29T16:28:50+00:00\" \/>\n<meta property=\"og:image\" content=\"https:\/\/commons.ngi.eu\/wp-content\/uploads\/2024\/02\/NGICommons.jpg\" \/>\n\t<meta property=\"og:image:width\" content=\"1920\" \/>\n\t<meta property=\"og:image:height\" content=\"1280\" \/>\n\t<meta property=\"og:image:type\" content=\"image\/jpeg\" \/>\n<meta name=\"twitter:card\" content=\"summary_large_image\" \/>\n<meta name=\"twitter:site\" content=\"@NGICommons\" \/>\n<meta name=\"twitter:label1\" content=\"Dur\u00e9e de lecture estim\u00e9e\" \/>\n\t<meta name=\"twitter:data1\" content=\"1 minute\" \/>\n<script type=\"application\/ld+json\" class=\"yoast-schema-graph\">{\"@context\":\"https:\/\/schema.org\",\"@graph\":[{\"@type\":\"WebPage\",\"@id\":\"https:\/\/commons.ngi.eu\/eco-friendly-website\/\",\"url\":\"https:\/\/commons.ngi.eu\/eco-friendly-website\/\",\"name\":\"Eco-Friendly Website - NGI Commons\",\"isPartOf\":{\"@id\":\"https:\/\/commons.ngi.eu\/fr\/#website\"},\"primaryImageOfPage\":{\"@id\":\"https:\/\/commons.ngi.eu\/eco-friendly-website\/#primaryimage\"},\"image\":{\"@id\":\"https:\/\/commons.ngi.eu\/eco-friendly-website\/#primaryimage\"},\"thumbnailUrl\":\"https:\/\/commons.ngi.eu\/wp-content\/uploads\/2024\/02\/NGICommons.jpg\",\"datePublished\":\"2024-02-28T21:11:41+00:00\",\"dateModified\":\"2024-07-29T16:28:50+00:00\",\"breadcrumb\":{\"@id\":\"https:\/\/commons.ngi.eu\/eco-friendly-website\/#breadcrumb\"},\"inLanguage\":\"fr-FR\",\"potentialAction\":[{\"@type\":\"ReadAction\",\"target\":[\"https:\/\/commons.ngi.eu\/eco-friendly-website\/\"]}]},{\"@type\":\"ImageObject\",\"inLanguage\":\"fr-FR\",\"@id\":\"https:\/\/commons.ngi.eu\/eco-friendly-website\/#primaryimage\",\"url\":\"https:\/\/commons.ngi.eu\/wp-content\/uploads\/2024\/02\/NGICommons.jpg\",\"contentUrl\":\"https:\/\/commons.ngi.eu\/wp-content\/uploads\/2024\/02\/NGICommons.jpg\",\"width\":1920,\"height\":1280,\"caption\":\"NGI Commons\"},{\"@type\":\"BreadcrumbList\",\"@id\":\"https:\/\/commons.ngi.eu\/eco-friendly-website\/#breadcrumb\",\"itemListElement\":[{\"@type\":\"ListItem\",\"position\":1,\"name\":\"Home\",\"item\":\"https:\/\/commons.ngi.eu\/\"},{\"@type\":\"ListItem\",\"position\":2,\"name\":\"Eco-Friendly Website\"}]},{\"@type\":\"WebSite\",\"@id\":\"https:\/\/commons.ngi.eu\/fr\/#website\",\"url\":\"https:\/\/commons.ngi.eu\/fr\/\",\"name\":\"NGI Commons\",\"description\":\"Open Source and Internet Commons for Europe\u2019s Digital Sovereignty\",\"publisher\":{\"@id\":\"https:\/\/commons.ngi.eu\/fr\/#organization\"},\"potentialAction\":[{\"@type\":\"SearchAction\",\"target\":{\"@type\":\"EntryPoint\",\"urlTemplate\":\"https:\/\/commons.ngi.eu\/fr\/?s={search_term_string}\"},\"query-input\":{\"@type\":\"PropertyValueSpecification\",\"valueRequired\":true,\"valueName\":\"search_term_string\"}}],\"inLanguage\":\"fr-FR\"},{\"@type\":\"Organization\",\"@id\":\"https:\/\/commons.ngi.eu\/fr\/#organization\",\"name\":\"NGI Commons\",\"url\":\"https:\/\/commons.ngi.eu\/fr\/\",\"logo\":{\"@type\":\"ImageObject\",\"inLanguage\":\"fr-FR\",\"@id\":\"https:\/\/commons.ngi.eu\/fr\/#\/schema\/logo\/image\/\",\"url\":\"https:\/\/commons.ngi.eu\/wp-content\/uploads\/2023\/12\/NGI-Commons_avatar.png\",\"contentUrl\":\"https:\/\/commons.ngi.eu\/wp-content\/uploads\/2023\/12\/NGI-Commons_avatar.png\",\"width\":600,\"height\":600,\"caption\":\"NGI Commons\"},\"image\":{\"@id\":\"https:\/\/commons.ngi.eu\/fr\/#\/schema\/logo\/image\/\"},\"sameAs\":[\"https:\/\/x.com\/NGICommons\",\"https:\/\/www.linkedin.com\/showcase\/ngi-commons\/\",\"https:\/\/eupolicy.social\/@NGICommons\",\"https:\/\/bsky.app\/profile\/ngicommons.bsky.social\"]}]}<\/script>\n<!-- \/ Yoast SEO plugin. -->","yoast_head_json":{"title":"Eco-Friendly Website - NGI Commons","robots":{"index":"index","follow":"follow","max-snippet":"max-snippet:-1","max-image-preview":"max-image-preview:large","max-video-preview":"max-video-preview:-1"},"canonical":"https:\/\/commons.ngi.eu\/fr\/eco-friendly-website\/","og_locale":"fr_FR","og_type":"article","og_title":"Eco-Friendly Website - NGI Commons","og_description":"Eco-Friendly Websit Making the difference in a sustainable way. we believe in making a difference by using an environmentally responsible website hosting platform. This website is on a web hosting...","og_url":"https:\/\/commons.ngi.eu\/fr\/eco-friendly-website\/","og_site_name":"NGI Commons","article_modified_time":"2024-07-29T16:28:50+00:00","og_image":[{"width":1920,"height":1280,"url":"https:\/\/commons.ngi.eu\/wp-content\/uploads\/2024\/02\/NGICommons.jpg","type":"image\/jpeg"}],"twitter_card":"summary_large_image","twitter_site":"@NGICommons","twitter_misc":{"Dur\u00e9e de lecture estim\u00e9e":"1 minute"},"schema":{"@context":"https:\/\/schema.org","@graph":[{"@type":"WebPage","@id":"https:\/\/commons.ngi.eu\/eco-friendly-website\/","url":"https:\/\/commons.ngi.eu\/eco-friendly-website\/","name":"Eco-Friendly Website - NGI Commons","isPartOf":{"@id":"https:\/\/commons.ngi.eu\/fr\/#website"},"primaryImageOfPage":{"@id":"https:\/\/commons.ngi.eu\/eco-friendly-website\/#primaryimage"},"image":{"@id":"https:\/\/commons.ngi.eu\/eco-friendly-website\/#primaryimage"},"thumbnailUrl":"https:\/\/commons.ngi.eu\/wp-content\/uploads\/2024\/02\/NGICommons.jpg","datePublished":"2024-02-28T21:11:41+00:00","dateModified":"2024-07-29T16:28:50+00:00","breadcrumb":{"@id":"https:\/\/commons.ngi.eu\/eco-friendly-website\/#breadcrumb"},"inLanguage":"fr-FR","potentialAction":[{"@type":"ReadAction","target":["https:\/\/commons.ngi.eu\/eco-friendly-website\/"]}]},{"@type":"ImageObject","inLanguage":"fr-FR","@id":"https:\/\/commons.ngi.eu\/eco-friendly-website\/#primaryimage","url":"https:\/\/commons.ngi.eu\/wp-content\/uploads\/2024\/02\/NGICommons.jpg","contentUrl":"https:\/\/commons.ngi.eu\/wp-content\/uploads\/2024\/02\/NGICommons.jpg","width":1920,"height":1280,"caption":"NGI Commons"},{"@type":"BreadcrumbList","@id":"https:\/\/commons.ngi.eu\/eco-friendly-website\/#breadcrumb","itemListElement":[{"@type":"ListItem","position":1,"name":"Home","item":"https:\/\/commons.ngi.eu\/"},{"@type":"ListItem","position":2,"name":"Eco-Friendly Website"}]},{"@type":"WebSite","@id":"https:\/\/commons.ngi.eu\/fr\/#website","url":"https:\/\/commons.ngi.eu\/fr\/","name":"NGI Commons","description":"Open Source and Internet Commons for Europe\u2019s Digital Sovereignty","publisher":{"@id":"https:\/\/commons.ngi.eu\/fr\/#organization"},"potentialAction":[{"@type":"SearchAction","target":{"@type":"EntryPoint","urlTemplate":"https:\/\/commons.ngi.eu\/fr\/?s={search_term_string}"},"query-input":{"@type":"PropertyValueSpecification","valueRequired":true,"valueName":"search_term_string"}}],"inLanguage":"fr-FR"},{"@type":"Organization","@id":"https:\/\/commons.ngi.eu\/fr\/#organization","name":"NGI Commons","url":"https:\/\/commons.ngi.eu\/fr\/","logo":{"@type":"ImageObject","inLanguage":"fr-FR","@id":"https:\/\/commons.ngi.eu\/fr\/#\/schema\/logo\/image\/","url":"https:\/\/commons.ngi.eu\/wp-content\/uploads\/2023\/12\/NGI-Commons_avatar.png","contentUrl":"https:\/\/commons.ngi.eu\/wp-content\/uploads\/2023\/12\/NGI-Commons_avatar.png","width":600,"height":600,"caption":"NGI Commons"},"image":{"@id":"https:\/\/commons.ngi.eu\/fr\/#\/schema\/logo\/image\/"},"sameAs":["https:\/\/x.com\/NGICommons","https:\/\/www.linkedin.com\/showcase\/ngi-commons\/","https:\/\/eupolicy.social\/@NGICommons","https:\/\/bsky.app\/profile\/ngicommons.bsky.social"]}]}},"taxonomy_info":[],"featured_image_src_large":["https:\/\/commons.ngi.eu\/wp-content\/uploads\/2024\/02\/NGICommons-1024x683.jpg",1024,683,true],"author_info":{"display_name":"margfmartel16","author_link":"https:\/\/commons.ngi.eu\/fr\/author\/margfmartel16\/"},"comment_info":0,"_links":{"self":[{"href":"https:\/\/commons.ngi.eu\/fr\/wp-json\/wp\/v2\/pages\/814","targetHints":{"allow":["GET"]}}],"collection":[{"href":"https:\/\/commons.ngi.eu\/fr\/wp-json\/wp\/v2\/pages"}],"about":[{"href":"https:\/\/commons.ngi.eu\/fr\/wp-json\/wp\/v2\/types\/page"}],"author":[{"embeddable":true,"href":"https:\/\/commons.ngi.eu\/fr\/wp-json\/wp\/v2\/users\/2"}],"replies":[{"embeddable":true,"href":"https:\/\/commons.ngi.eu\/fr\/wp-json\/wp\/v2\/comments?post=814"}],"version-history":[{"count":1,"href":"https:\/\/commons.ngi.eu\/fr\/wp-json\/wp\/v2\/pages\/814\/revisions"}],"predecessor-version":[{"id":53383,"href":"https:\/\/commons.ngi.eu\/fr\/wp-json\/wp\/v2\/pages\/814\/revisions\/53383"}],"wp:featuredmedia":[{"embeddable":true,"href":"https:\/\/commons.ngi.eu\/fr\/wp-json\/wp\/v2\/media\/739"}],"wp:attachment":[{"href":"https:\/\/commons.ngi.eu\/fr\/wp-json\/wp\/v2\/media?parent=814"}],"curies":[{"name":"wp","href":"https:\/\/api.w.org\/{rel}","templated":true}]}}