{"id":817,"date":"2024-02-28T21:15:43","date_gmt":"2024-02-28T21:15:43","guid":{"rendered":"https:\/\/commons.ngi.eu\/?page_id=817"},"modified":"2024-02-28T21:21:38","modified_gmt":"2024-02-28T21:21:38","slug":"objectives","status":"publish","type":"page","link":"https:\/\/commons.ngi.eu\/objectives\/","title":{"rendered":"<p>Objectifs<\/p>"},"content":{"rendered":"<style>.kb-row-layout-id817_d94c8b-19 > .kt-row-column-wrap{align-content:start;}:where(.kb-row-layout-id817_d94c8b-19 > .kt-row-column-wrap) > .wp-block-kadence-column{justify-content:start;}.kb-row-layout-id817_d94c8b-19 > .kt-row-column-wrap{column-gap:var(--global-kb-gap-md, 2rem);row-gap:var(--global-kb-gap-md, 2rem);max-width:var( --global-content-width, 1290px );padding-left:var(--global-content-edge-padding);padding-right:var(--global-content-edge-padding);padding-top:150px;padding-bottom:90px;grid-template-columns:minmax(0, 1fr);}.kb-row-layout-id817_d94c8b-19{background-image:url('https:\/\/commons.ngi.eu\/wp-content\/uploads\/2023\/12\/background_03.jpg');background-size:cover;background-position:center center;background-attachment:fixed;background-repeat:no-repeat;}.kb-row-layout-id817_d94c8b-19 > .kt-row-layout-overlay{opacity:0.75;background-color:var(--global-palette3, #1A202C);mix-blend-mode:multiply;}@media all and (max-width: 1024px), only screen and (min-device-width: 1024px) and (max-device-width: 1366px) and (-webkit-min-device-pixel-ratio: 2) and (hover: none){.kb-row-layout-id817_d94c8b-19{background-attachment:scroll;}}@media all and (max-width: 1024px){.kb-row-layout-id817_d94c8b-19 > .kt-row-column-wrap{grid-template-columns:minmax(0, 1fr);}}@media all and (max-width: 767px){.kb-row-layout-id817_d94c8b-19 > .kt-row-column-wrap{grid-template-columns:minmax(0, 1fr);}}<div class=\"kb-row-layout-wrap kb-row-layout-id817_d94c8b-19 alignnone has-theme-palette3-background-color kt-row-has-bg kt-jarallax wp-block-kadence-rowlayout\" data-img-position=\"center center\" data-img-size=\"cover\"><div class=\"kt-row-layout-overlay kt-row-overlay-normal\"><\/div><div class=\"kt-row-column-wrap kt-has-1-columns kt-row-layout-equal kt-tab-layout-inherit kt-mobile-layout-row kt-row-valign-top kb-theme-content-width\">\n<style>.kadence-column817_d12ade-7f > .kt-inside-inner-col,.kadence-column817_d12ade-7f > .kt-inside-inner-col:before{border-top-left-radius:0px;border-top-right-radius:0px;border-bottom-right-radius:0px;border-bottom-left-radius:0px;}.kadence-column817_d12ade-7f > .kt-inside-inner-col{column-gap:var(--global-kb-gap-sm, 1rem);}.kadence-column817_d12ade-7f > .kt-inside-inner-col{flex-direction:column;}.kadence-column817_d12ade-7f > .kt-inside-inner-col > .aligncenter{width:100%;}.kadence-column817_d12ade-7f > .kt-inside-inner-col:before{opacity:0.3;}.kadence-column817_d12ade-7f{position:relative;}@media all and (max-width: 1024px){.kadence-column817_d12ade-7f > .kt-inside-inner-col{flex-direction:column;justify-content:center;}}@media all and (max-width: 767px){.kadence-column817_d12ade-7f > .kt-inside-inner-col{flex-direction:column;justify-content:center;}}<\/style>\n<div class=\"wp-block-kadence-column kadence-column817_d12ade-7f inner-column-1\"><div class=\"kt-inside-inner-col\"><style>.wp-block-kadence-advancedheading.kt-adv-heading817_4f7f56-f6, .wp-block-kadence-advancedheading.kt-adv-heading817_4f7f56-f6[data-kb-block=\"kb-adv-heading817_4f7f56-f6\"]{text-align:center;font-size:80px;font-style:normal;}.wp-block-kadence-advancedheading.kt-adv-heading817_4f7f56-f6 mark.kt-highlight, .wp-block-kadence-advancedheading.kt-adv-heading817_4f7f56-f6[data-kb-block=\"kb-adv-heading817_4f7f56-f6\"] mark.kt-highlight{font-style:normal;color:#f76a0c;-webkit-box-decoration-break:clone;box-decoration-break:clone;padding-top:0px;padding-right:0px;padding-bottom:0px;padding-left:0px;}.wp-block-kadence-advancedheading.kt-adv-heading817_4f7f56-f6 img.kb-inline-image, .wp-block-kadence-advancedheading.kt-adv-heading817_4f7f56-f6[data-kb-block=\"kb-adv-heading817_4f7f56-f6\"] img.kb-inline-image{width:150px;vertical-align:baseline;}@media all and (max-width: 1024px){.wp-block-kadence-advancedheading.kt-adv-heading817_4f7f56-f6, .wp-block-kadence-advancedheading.kt-adv-heading817_4f7f56-f6[data-kb-block=\"kb-adv-heading817_4f7f56-f6\"]{font-size:60px;}}@media all and (max-width: 767px){.wp-block-kadence-advancedheading.kt-adv-heading817_4f7f56-f6, .wp-block-kadence-advancedheading.kt-adv-heading817_4f7f56-f6[data-kb-block=\"kb-adv-heading817_4f7f56-f6\"]{font-size:26px;}}<\/style>\n<h1 class=\"kt-adv-heading817_4f7f56-f6 wp-block-kadence-advancedheading has-theme-palette-9-color has-text-color\" data-kb-block=\"kb-adv-heading817_4f7f56-f6\"><strong>Objectifs<\/strong><\/h1>\n\n\n<style>.wp-block-kadence-advancedheading.kt-adv-heading817_e49412-6f, .wp-block-kadence-advancedheading.kt-adv-heading817_e49412-6f[data-kb-block=\"kb-adv-heading817_e49412-6f\"]{text-align:center;font-style:normal;}.wp-block-kadence-advancedheading.kt-adv-heading817_e49412-6f mark.kt-highlight, .wp-block-kadence-advancedheading.kt-adv-heading817_e49412-6f[data-kb-block=\"kb-adv-heading817_e49412-6f\"] mark.kt-highlight{font-style:normal;color:#f76a0c;-webkit-box-decoration-break:clone;box-decoration-break:clone;padding-top:0px;padding-right:0px;padding-bottom:0px;padding-left:0px;}.wp-block-kadence-advancedheading.kt-adv-heading817_e49412-6f img.kb-inline-image, .wp-block-kadence-advancedheading.kt-adv-heading817_e49412-6f[data-kb-block=\"kb-adv-heading817_e49412-6f\"] img.kb-inline-image{width:150px;vertical-align:baseline;}<\/style>\n<p class=\"kt-adv-heading817_e49412-6f wp-block-kadence-advancedheading has-theme-palette-9-color has-text-color\" data-kb-block=\"kb-adv-heading817_e49412-6f\"><strong>Comment nous voulons le faire.<\/strong><a href=\"https:\/\/startertemplatecloud.com\/e18\/#\"><\/a><\/p>\n<\/div><\/div>\n\n<\/div><\/div><style>.kb-row-layout-id817_359dc6-3d > .kt-row-column-wrap{align-content:center;}:where(.kb-row-layout-id817_359dc6-3d > .kt-row-column-wrap) > .wp-block-kadence-column{justify-content:center;}.kb-row-layout-id817_359dc6-3d > .kt-row-column-wrap{column-gap:80px;row-gap:var(--global-kb-gap-md, 2rem);max-width:var( --global-content-width, 1290px );padding-left:var(--global-content-edge-padding);padding-right:var(--global-content-edge-padding);padding-top:80px;padding-bottom:80px;grid-template-columns:minmax(0, 1fr);}.kb-row-layout-id817_359dc6-3d > .kt-row-layout-overlay{opacity:0.30;}@media all and (max-width: 1024px){.kb-row-layout-id817_359dc6-3d > .kt-row-column-wrap{grid-template-columns:minmax(0, 1fr);}}@media all and (max-width: 767px){.kb-row-layout-id817_359dc6-3d > .kt-row-column-wrap{grid-template-columns:minmax(0, 1fr);}}<\/style><div class=\"kb-row-layout-wrap kb-row-layout-id817_359dc6-3d alignnone wp-block-kadence-rowlayout\"><div class=\"kt-row-column-wrap kt-has-1-columns kt-row-layout-equal kt-tab-layout-inherit kt-mobile-layout-row kt-row-valign-middle kb-theme-content-width\">\n<style>.kadence-column817_2af4c7-9f > .kt-inside-inner-col,.kadence-column817_2af4c7-9f > .kt-inside-inner-col:before{border-top-left-radius:0px;border-top-right-radius:0px;border-bottom-right-radius:0px;border-bottom-left-radius:0px;}.kadence-column817_2af4c7-9f > .kt-inside-inner-col{column-gap:var(--global-kb-gap-sm, 1rem);}.kadence-column817_2af4c7-9f > .kt-inside-inner-col{flex-direction:column;}.kadence-column817_2af4c7-9f > .kt-inside-inner-col > .aligncenter{width:100%;}.kadence-column817_2af4c7-9f > .kt-inside-inner-col:before{opacity:0.3;}.kadence-column817_2af4c7-9f{position:relative;}@media all and (max-width: 1024px){.kadence-column817_2af4c7-9f > .kt-inside-inner-col{flex-direction:column;justify-content:center;}}@media all and (max-width: 767px){.kadence-column817_2af4c7-9f > .kt-inside-inner-col{flex-direction:column;justify-content:center;}}<\/style>\n<div class=\"wp-block-kadence-column kadence-column817_2af4c7-9f inner-column-1\"><div class=\"kt-inside-inner-col\">\n<h4 class=\"wp-block-heading\" id=\"h-objective-1\">Objectif 1<\/h4>\n\n\n\n<p>D\u00e9crire et analyser le contexte europ\u00e9en des biens communs num\u00e9riques\/internet, en recensant les principales priorit\u00e9s pour les \u00e9volutions futures et en analysant l\u2019impact multiplicateur (r\u00e9el et potentiel) de l\u2019instrument NGI.&nbsp;<\/p>\n\n\n\n<h4 class=\"wp-block-heading\" id=\"h-objective-2\">Objectif 2<\/h4>\n\n\n\n<p>Dialoguer et se concerter avec les initiatives pertinentes dans l\u2019ensemble du paysage europ\u00e9en des biens communs num\u00e9riques\/internet afin d\u2019analyser le portefeuille des NGI et d\u2019\u00e9laborer un plan visant \u00e0 soutenir la poursuite du d\u00e9veloppement des efforts communs.&nbsp;<\/p>\n\n\n\n<h4 class=\"wp-block-heading\" id=\"h-objective-3\">Objectif 3<\/h4>\n\n\n\n<p>\u00c9laborer un programme strat\u00e9gique pour inclure des politiques communes en mati\u00e8re de num\u00e9rique et d\u2019internet valables pour le calendrier du cadre financier pluriannuel (CFP) de l\u2019UE, et d\u00e9finir une strat\u00e9gie \u00e0 long terme fond\u00e9e sur ce programme.<\/p>\n\n\n\n<h4 class=\"wp-block-heading\" id=\"h-objective-4\">Objectif 4<\/h4>\n\n\n\n<p>Accro\u00eetre la sensibilisation et promouvoir les biens communs num\u00e9riques\/internet et les initiatives open source, ainsi que les politiques pertinentes en mati\u00e8re de souverainet\u00e9 num\u00e9rique et les efforts de NGI contribuant \u00e0 une exploitation large, durable et efficace des actifs.<\/p>\n<\/div><\/div>\n\n<\/div><\/div><\/style>","protected":false},"excerpt":{"rendered":"<p>Objectifs Comment nous voulons le faire. Objectif 1 Mettre en \u00e9vidence et analyser le contexte europ\u00e9en des biens communs num\u00e9riques\/internet, en d\u00e9finissant les principales priorit\u00e9s pour les \u00e9volutions futures et en analysant le multiplicateur (r\u00e9el et...<\/p>","protected":false},"author":2,"featured_media":739,"parent":0,"menu_order":0,"comment_status":"closed","ping_status":"closed","template":"","meta":{"_acf_changed":false,"_tec_requires_first_save":true,"_kad_blocks_custom_css":"","_kad_blocks_head_custom_js":"","_kad_blocks_body_custom_js":"","_kad_blocks_footer_custom_js":"","_EventAllDay":false,"_EventTimezone":"","_EventStartDate":"","_EventEndDate":"","_EventStartDateUTC":"","_EventEndDateUTC":"","_EventShowMap":false,"_EventShowMapLink":false,"_EventURL":"","_EventCost":"","_EventCostDescription":"","_EventCurrencySymbol":"","_EventCurrencyCode":"","_EventCurrencyPosition":"","_EventDateTimeSeparator":"","_EventTimeRangeSeparator":"","_EventOrganizerID":[],"_EventVenueID":[],"_OrganizerEmail":"","_OrganizerPhone":"","_OrganizerWebsite":"","_VenueAddress":"","_VenueCity":"","_VenueCountry":"","_VenueProvince":"","_VenueState":"","_VenueZip":"","_VenuePhone":"","_VenueURL":"","_VenueStateProvince":"","_VenueLat":"","_VenueLng":"","_VenueShowMap":false,"_VenueShowMapLink":false,"_tribe_blocks_recurrence_rules":"","_tribe_blocks_recurrence_description":"","_tribe_blocks_recurrence_exclusions":"","_kad_post_transparent":"","_kad_post_title":"hide","_kad_post_layout":"fullwidth","_kad_post_sidebar_id":"","_kad_post_content_style":"unboxed","_kad_post_vertical_padding":"hide","_kad_post_feature":"hide","_kad_post_feature_position":"","_kad_post_header":false,"_kad_post_footer":false,"_kad_post_classname":"","footnotes":""},"class_list":["post-817","page","type-page","status-publish","has-post-thumbnail","hentry"],"acf":[],"yoast_head":"<!-- This site is optimized with the Yoast SEO plugin v27.1.1 - https:\/\/yoast.com\/product\/yoast-seo-wordpress\/ -->\n<title>Objectives - NGI Commons<\/title>\n<meta name=\"description\" content=\"Digital\/internet commons are a form of commons involving the distribution and communal ownership of information resources and technology.\" \/>\n<meta name=\"robots\" content=\"index, follow, max-snippet:-1, max-image-preview:large, max-video-preview:-1\" \/>\n<link rel=\"canonical\" href=\"https:\/\/commons.ngi.eu\/fr\/objectives\/\" \/>\n<meta property=\"og:locale\" content=\"fr_FR\" \/>\n<meta property=\"og:type\" content=\"article\" \/>\n<meta property=\"og:title\" content=\"Objectives - NGI Commons\" \/>\n<meta property=\"og:description\" content=\"Digital\/internet commons are a form of commons involving the distribution and communal ownership of information resources and technology.\" \/>\n<meta property=\"og:url\" content=\"https:\/\/commons.ngi.eu\/fr\/objectives\/\" \/>\n<meta property=\"og:site_name\" content=\"NGI Commons\" \/>\n<meta property=\"article:modified_time\" content=\"2024-02-28T21:21:38+00:00\" \/>\n<meta property=\"og:image\" content=\"https:\/\/commons.ngi.eu\/wp-content\/uploads\/2024\/02\/NGICommons.jpg\" \/>\n\t<meta property=\"og:image:width\" content=\"1920\" \/>\n\t<meta property=\"og:image:height\" content=\"1280\" \/>\n\t<meta property=\"og:image:type\" content=\"image\/jpeg\" \/>\n<meta name=\"twitter:card\" content=\"summary_large_image\" \/>\n<meta name=\"twitter:site\" content=\"@NGICommons\" \/>\n<meta name=\"twitter:label1\" content=\"Dur\u00e9e de lecture estim\u00e9e\" \/>\n\t<meta name=\"twitter:data1\" content=\"1 minute\" \/>\n<script type=\"application\/ld+json\" class=\"yoast-schema-graph\">{\"@context\":\"https:\/\/schema.org\",\"@graph\":[{\"@type\":\"WebPage\",\"@id\":\"https:\/\/commons.ngi.eu\/objectives\/\",\"url\":\"https:\/\/commons.ngi.eu\/objectives\/\",\"name\":\"Objectives - NGI Commons\",\"isPartOf\":{\"@id\":\"https:\/\/commons.ngi.eu\/fr\/#website\"},\"primaryImageOfPage\":{\"@id\":\"https:\/\/commons.ngi.eu\/objectives\/#primaryimage\"},\"image\":{\"@id\":\"https:\/\/commons.ngi.eu\/objectives\/#primaryimage\"},\"thumbnailUrl\":\"https:\/\/commons.ngi.eu\/wp-content\/uploads\/2024\/02\/NGICommons.jpg\",\"datePublished\":\"2024-02-28T21:15:43+00:00\",\"dateModified\":\"2024-02-28T21:21:38+00:00\",\"description\":\"Digital\/internet commons are a form of commons involving the distribution and communal ownership of information resources and technology.\",\"breadcrumb\":{\"@id\":\"https:\/\/commons.ngi.eu\/objectives\/#breadcrumb\"},\"inLanguage\":\"fr-FR\",\"potentialAction\":[{\"@type\":\"ReadAction\",\"target\":[\"https:\/\/commons.ngi.eu\/objectives\/\"]}]},{\"@type\":\"ImageObject\",\"inLanguage\":\"fr-FR\",\"@id\":\"https:\/\/commons.ngi.eu\/objectives\/#primaryimage\",\"url\":\"https:\/\/commons.ngi.eu\/wp-content\/uploads\/2024\/02\/NGICommons.jpg\",\"contentUrl\":\"https:\/\/commons.ngi.eu\/wp-content\/uploads\/2024\/02\/NGICommons.jpg\",\"width\":1920,\"height\":1280,\"caption\":\"NGI Commons\"},{\"@type\":\"BreadcrumbList\",\"@id\":\"https:\/\/commons.ngi.eu\/objectives\/#breadcrumb\",\"itemListElement\":[{\"@type\":\"ListItem\",\"position\":1,\"name\":\"Home\",\"item\":\"https:\/\/commons.ngi.eu\/\"},{\"@type\":\"ListItem\",\"position\":2,\"name\":\"Objectives\"}]},{\"@type\":\"WebSite\",\"@id\":\"https:\/\/commons.ngi.eu\/fr\/#website\",\"url\":\"https:\/\/commons.ngi.eu\/fr\/\",\"name\":\"NGI Commons\",\"description\":\"Open Source and Internet Commons for Europe\u2019s Digital Sovereignty\",\"publisher\":{\"@id\":\"https:\/\/commons.ngi.eu\/fr\/#organization\"},\"potentialAction\":[{\"@type\":\"SearchAction\",\"target\":{\"@type\":\"EntryPoint\",\"urlTemplate\":\"https:\/\/commons.ngi.eu\/fr\/?s={search_term_string}\"},\"query-input\":{\"@type\":\"PropertyValueSpecification\",\"valueRequired\":true,\"valueName\":\"search_term_string\"}}],\"inLanguage\":\"fr-FR\"},{\"@type\":\"Organization\",\"@id\":\"https:\/\/commons.ngi.eu\/fr\/#organization\",\"name\":\"NGI Commons\",\"url\":\"https:\/\/commons.ngi.eu\/fr\/\",\"logo\":{\"@type\":\"ImageObject\",\"inLanguage\":\"fr-FR\",\"@id\":\"https:\/\/commons.ngi.eu\/fr\/#\/schema\/logo\/image\/\",\"url\":\"https:\/\/commons.ngi.eu\/wp-content\/uploads\/2023\/12\/NGI-Commons_avatar.png\",\"contentUrl\":\"https:\/\/commons.ngi.eu\/wp-content\/uploads\/2023\/12\/NGI-Commons_avatar.png\",\"width\":600,\"height\":600,\"caption\":\"NGI Commons\"},\"image\":{\"@id\":\"https:\/\/commons.ngi.eu\/fr\/#\/schema\/logo\/image\/\"},\"sameAs\":[\"https:\/\/x.com\/NGICommons\",\"https:\/\/www.linkedin.com\/showcase\/ngi-commons\/\",\"https:\/\/eupolicy.social\/@NGICommons\",\"https:\/\/bsky.app\/profile\/ngicommons.bsky.social\"]}]}<\/script>\n<!-- \/ Yoast SEO plugin. -->","yoast_head_json":{"title":"Objectives - NGI Commons","description":"Digital\/internet commons are a form of commons involving the distribution and communal ownership of information resources and technology.","robots":{"index":"index","follow":"follow","max-snippet":"max-snippet:-1","max-image-preview":"max-image-preview:large","max-video-preview":"max-video-preview:-1"},"canonical":"https:\/\/commons.ngi.eu\/fr\/objectives\/","og_locale":"fr_FR","og_type":"article","og_title":"Objectives - NGI Commons","og_description":"Digital\/internet commons are a form of commons involving the distribution and communal ownership of information resources and technology.","og_url":"https:\/\/commons.ngi.eu\/fr\/objectives\/","og_site_name":"NGI Commons","article_modified_time":"2024-02-28T21:21:38+00:00","og_image":[{"width":1920,"height":1280,"url":"https:\/\/commons.ngi.eu\/wp-content\/uploads\/2024\/02\/NGICommons.jpg","type":"image\/jpeg"}],"twitter_card":"summary_large_image","twitter_site":"@NGICommons","twitter_misc":{"Dur\u00e9e de lecture estim\u00e9e":"1 minute"},"schema":{"@context":"https:\/\/schema.org","@graph":[{"@type":"WebPage","@id":"https:\/\/commons.ngi.eu\/objectives\/","url":"https:\/\/commons.ngi.eu\/objectives\/","name":"Objectives - NGI Commons","isPartOf":{"@id":"https:\/\/commons.ngi.eu\/fr\/#website"},"primaryImageOfPage":{"@id":"https:\/\/commons.ngi.eu\/objectives\/#primaryimage"},"image":{"@id":"https:\/\/commons.ngi.eu\/objectives\/#primaryimage"},"thumbnailUrl":"https:\/\/commons.ngi.eu\/wp-content\/uploads\/2024\/02\/NGICommons.jpg","datePublished":"2024-02-28T21:15:43+00:00","dateModified":"2024-02-28T21:21:38+00:00","description":"Digital\/internet commons are a form of commons involving the distribution and communal ownership of information resources and technology.","breadcrumb":{"@id":"https:\/\/commons.ngi.eu\/objectives\/#breadcrumb"},"inLanguage":"fr-FR","potentialAction":[{"@type":"ReadAction","target":["https:\/\/commons.ngi.eu\/objectives\/"]}]},{"@type":"ImageObject","inLanguage":"fr-FR","@id":"https:\/\/commons.ngi.eu\/objectives\/#primaryimage","url":"https:\/\/commons.ngi.eu\/wp-content\/uploads\/2024\/02\/NGICommons.jpg","contentUrl":"https:\/\/commons.ngi.eu\/wp-content\/uploads\/2024\/02\/NGICommons.jpg","width":1920,"height":1280,"caption":"NGI Commons"},{"@type":"BreadcrumbList","@id":"https:\/\/commons.ngi.eu\/objectives\/#breadcrumb","itemListElement":[{"@type":"ListItem","position":1,"name":"Home","item":"https:\/\/commons.ngi.eu\/"},{"@type":"ListItem","position":2,"name":"Objectives"}]},{"@type":"WebSite","@id":"https:\/\/commons.ngi.eu\/fr\/#website","url":"https:\/\/commons.ngi.eu\/fr\/","name":"NGI Commons","description":"Open Source and Internet Commons for Europe\u2019s Digital Sovereignty","publisher":{"@id":"https:\/\/commons.ngi.eu\/fr\/#organization"},"potentialAction":[{"@type":"SearchAction","target":{"@type":"EntryPoint","urlTemplate":"https:\/\/commons.ngi.eu\/fr\/?s={search_term_string}"},"query-input":{"@type":"PropertyValueSpecification","valueRequired":true,"valueName":"search_term_string"}}],"inLanguage":"fr-FR"},{"@type":"Organization","@id":"https:\/\/commons.ngi.eu\/fr\/#organization","name":"NGI Commons","url":"https:\/\/commons.ngi.eu\/fr\/","logo":{"@type":"ImageObject","inLanguage":"fr-FR","@id":"https:\/\/commons.ngi.eu\/fr\/#\/schema\/logo\/image\/","url":"https:\/\/commons.ngi.eu\/wp-content\/uploads\/2023\/12\/NGI-Commons_avatar.png","contentUrl":"https:\/\/commons.ngi.eu\/wp-content\/uploads\/2023\/12\/NGI-Commons_avatar.png","width":600,"height":600,"caption":"NGI Commons"},"image":{"@id":"https:\/\/commons.ngi.eu\/fr\/#\/schema\/logo\/image\/"},"sameAs":["https:\/\/x.com\/NGICommons","https:\/\/www.linkedin.com\/showcase\/ngi-commons\/","https:\/\/eupolicy.social\/@NGICommons","https:\/\/bsky.app\/profile\/ngicommons.bsky.social"]}]}},"taxonomy_info":[],"featured_image_src_large":["https:\/\/commons.ngi.eu\/wp-content\/uploads\/2024\/02\/NGICommons-1024x683.jpg",1024,683,true],"author_info":{"display_name":"margfmartel16","author_link":"https:\/\/commons.ngi.eu\/fr\/author\/margfmartel16\/"},"comment_info":0,"_links":{"self":[{"href":"https:\/\/commons.ngi.eu\/fr\/wp-json\/wp\/v2\/pages\/817","targetHints":{"allow":["GET"]}}],"collection":[{"href":"https:\/\/commons.ngi.eu\/fr\/wp-json\/wp\/v2\/pages"}],"about":[{"href":"https:\/\/commons.ngi.eu\/fr\/wp-json\/wp\/v2\/types\/page"}],"author":[{"embeddable":true,"href":"https:\/\/commons.ngi.eu\/fr\/wp-json\/wp\/v2\/users\/2"}],"replies":[{"embeddable":true,"href":"https:\/\/commons.ngi.eu\/fr\/wp-json\/wp\/v2\/comments?post=817"}],"version-history":[{"count":0,"href":"https:\/\/commons.ngi.eu\/fr\/wp-json\/wp\/v2\/pages\/817\/revisions"}],"wp:featuredmedia":[{"embeddable":true,"href":"https:\/\/commons.ngi.eu\/fr\/wp-json\/wp\/v2\/media\/739"}],"wp:attachment":[{"href":"https:\/\/commons.ngi.eu\/fr\/wp-json\/wp\/v2\/media?parent=817"}],"curies":[{"name":"wp","href":"https:\/\/api.w.org\/{rel}","templated":true}]}}